{"id":193,"date":"2016-10-21T10:49:50","date_gmt":"2016-10-21T10:49:50","guid":{"rendered":"https:\/\/madeiraquintadapaz.com\/\/de\/?page_id=193"},"modified":"2018-06-05T11:46:15","modified_gmt":"2018-06-05T11:46:15","slug":"bedingungen","status":"publish","type":"page","link":"https:\/\/madeiraquintadapaz.com\/de\/bedingungen\/","title":{"rendered":"Bedingungen"},"content":{"rendered":"<h2>Verpflichtung und Annahme von Begriffen<\/h2>\n<p>Wenn Sie diese Website besuchen oder anderweitig verwenden, stimmen Sie zu, diese Nutzungsbedingungen und alle in unserer Datenschutzerkl\u00e4rung enthaltenen Bestimmungen gelesen und akzeptiert zu haben.<\/p>\n<p>Quinta da Paz beh\u00e4lt sich das Recht vor, den Zugriff auf Benutzer, die gegen diese Nutzungsbedingungen versto\u00dfen, ohne vorherige Ank\u00fcndigung einzuschr\u00e4nken oder zu sperren, sowie Schadensersatz f\u00fcr Sch\u00e4den, die durch unsachgem\u00e4\u00dfe Nutzung der Website verursacht wurden, zu behindern.<\/p>\n<p>Die Nutzung dieser Website (einschlie\u00dflich der Einsendung, der Einsendung oder der Ver\u00f6ffentlichung von Inhalten) macht Sie zu Ihren Handlungen haftbar und erkl\u00e4rt, dass Sie die geltenden Gesetze und insbesondere den Copyright-Code und die damit verbundenen Rechte, den Code f\u00fcr den gewerblichen Rechtsschutz und den Computer akzeptieren und einhalten Verbrechen-Tat.<\/p>\n<h2>Inhalt und Urheberrecht<\/h2>\n<p>Alle Inhalte dieser Website geh\u00f6ren ihren Autoren und allen Inhalten der Dritten. Wenn Sie der Meinung sind, dass unsere Website den Inhalt von seinem eigenen verwenden wird oder dass Urheberrechtsverletzungen uns \u00fcber unsere Kontaktseite kontaktieren, um diese Situation zu korrigieren.<\/p>\n<h2>Code\u00e4nderung und unbefugter Zugriff<\/h2>\n<p>Es ist dem Benutzer verboten, jegliche Art von Viren oder \u00c4nderungen an dem Quellcode, dem Erscheinungsbild der Website, dem Verweigern des Zugriffs durch \u00dcberladen des Servers oder der Weiterleitung von Zugriffen auf andere Websites, die zuvor nicht durch die Richtung des Restaurants autorisiert wurden, zu erzeugen oder einzuf\u00fchren.<\/p>\n<h2>Haftungsausschluss<\/h2>\n<p>Quinta da Paz haftet nicht f\u00fcr Sch\u00e4den oder Unannehmlichkeiten, die der Nutzer als Folge des Besuchs unserer Website oder eines unserer Links zu externen Webseiten geltend macht.<\/p>\n<h2>Inhalts\u00e4nderungen<\/h2>\n<p>Quinta da Paz kann den Zugriff auf Inhalte dieser Website, einschlie\u00dflich dieses Dokuments und anderer relevanter Dokumente, wie die Datenschutzerkl\u00e4rung, jederzeit \u00e4ndern, \u00e4ndern, entfernen oder verweigern, damit sie regelm\u00e4\u00dfig \u00fcberpr\u00fcft wird, um stets entsprechend zu handeln Zu den Nutzungsbedingungen, Regeln und bew\u00e4hrten Praktiken in neueren.<\/p>\n<h2>Alternative Streitbeilegung<\/h2>\n<p>Im Streitfall kann der Verbraucher seine Streitigkeit au\u00dfergerichtlich \u00fcber die Alternative Resolution Entity: CACCRAM, +351291508349, www.srrh.gov-madeira.pt\/cacc regeln. Weitere Informationen finden Sie im Verbraucherportal www.consumidor.pt.<\/p>\n","protected":false},"excerpt":{"rendered":"<p>Verpflichtung und Annahme von Begriffen Wenn Sie diese Website besuchen oder anderweitig verwenden, stimmen Sie zu, diese Nutzungsbedingungen und alle in unserer Datenschutzerkl\u00e4rung enthaltenen Bestimmungen gelesen und akzeptiert zu haben. Quinta da Paz beh\u00e4lt sich das Recht vor, den Zugriff auf Benutzer, die gegen diese Nutzungsbedingungen versto\u00dfen, ohne vorherige Ank\u00fcndigung einzuschr\u00e4nken oder zu sperren, sowie &hellip; <a href=\"https:\/\/madeiraquintadapaz.com\/de\/bedingungen\/\">Continued<\/a><\/p>\n","protected":false},"author":1,"featured_media":0,"parent":0,"menu_order":0,"comment_status":"closed","ping_status":"closed","template":"","meta":{"footnotes":""},"class_list":["post-193","page","type-page","status-publish","hentry"],"_links":{"self":[{"href":"https:\/\/madeiraquintadapaz.com\/de\/wp-json\/wp\/v2\/pages\/193","targetHints":{"allow":["GET"]}}],"collection":[{"href":"https:\/\/madeiraquintadapaz.com\/de\/wp-json\/wp\/v2\/pages"}],"about":[{"href":"https:\/\/madeiraquintadapaz.com\/de\/wp-json\/wp\/v2\/types\/page"}],"author":[{"embeddable":true,"href":"https:\/\/madeiraquintadapaz.com\/de\/wp-json\/wp\/v2\/users\/1"}],"replies":[{"embeddable":true,"href":"https:\/\/madeiraquintadapaz.com\/de\/wp-json\/wp\/v2\/comments?post=193"}],"version-history":[{"count":7,"href":"https:\/\/madeiraquintadapaz.com\/de\/wp-json\/wp\/v2\/pages\/193\/revisions"}],"predecessor-version":[{"id":608,"href":"https:\/\/madeiraquintadapaz.com\/de\/wp-json\/wp\/v2\/pages\/193\/revisions\/608"}],"wp:attachment":[{"href":"https:\/\/madeiraquintadapaz.com\/de\/wp-json\/wp\/v2\/media?parent=193"}],"curies":[{"name":"wp","href":"https:\/\/api.w.org\/{rel}","templated":true}]}}