{"id":247,"date":"2016-07-12T16:09:05","date_gmt":"2016-07-12T16:09:05","guid":{"rendered":"https:\/\/madeiraquintadapaz.com\/\/de\/about\/"},"modified":"2017-02-24T15:19:25","modified_gmt":"2017-02-24T15:19:25","slug":"uber-quinta-da-paz-madeira","status":"publish","type":"page","link":"https:\/\/madeiraquintadapaz.com\/de\/uber-quinta-da-paz-madeira\/","title":{"rendered":"\u00dcber"},"content":{"rendered":"<h2>Geschichte<\/h2>\n<p>Quinta da Paz wurde vor kurzem von der Familie, die alle ihre urspr\u00fcngliche Spur zur\u00fcck.<\/p>\n<p>Quinta da Paz Madeira ist ein weitl\u00e4ufiger Raum, umgeben von pr\u00e4chtigen G\u00e4rten, mit Steinb\u00f6den, Basalt, komplizierten Holzarbeiten, Marmor und Glasmalerei, die einige Traditionen unserer Insel erinnern, sowie nationale Traditionen, die untrennbar mit unserer lokalen Kultur verbunden sind.<\/p>\n<p>Das Hotel liegt im Herzen von Cani\u00e7o in der N\u00e4he der Stadt Funchal, die Quinta profitiert von einem milden Klima, das stark tr\u00e4gt zu den \u00fcppigen G\u00e4rten und die vielf\u00e4ltigen Blumen, die das ganze Jahr \u00fcber seine Ecken schm\u00fccken.<\/p>\n<p>&nbsp;<\/p>\n<h2>Planen Sie Ihre Reise<\/h2>\n<p>Vom Flughafen Madeira nach Quinta da Paz Madeira, empfehlen wir, wir empfehlen Ihnen, das Taxi oder unseren Shuttleservice zu benutzen oder wenn Sie einen Termin mit einer Autovermietung haben, ist es einfach, uns zu finden. Beachten Sie unseren Standort f\u00fcr den GPS-Einsatz:\u00a032\u00b038&#8217;58.5&#8243;N 16\u00b050&#8217;12.8&#8243;W<\/p>\n<p>Lassen Sie uns jetzt, wenn Sie uns brauchen, um Ihnen zu helfen, ein Auto zu mieten.<\/p>\n<p>Weitere Tipps finden Sie auf der Website von Madeira Flughafen<a href=\"https:\/\/www.aeroportomadeira.pt\" target=\"_blank\">www.aeroportomadeira.pt<\/a><\/p>\n<p>&nbsp;<\/p>\n<h2>Buchen Sie unseren Shuttle Service<\/h2>\n<p>Kontaktieren Sie uns, um den Transport nach Quinta da Paz anzufordern.<\/p>\n<p>&nbsp;<\/p>\n<h2>In der N\u00e4he<\/h2>\n<p>Quinta da Paz ist sehr nah an den wichtigsten Dienstleistungen, nur 2min entfernt mit dem Auto finden Sie Restaurants, Superm\u00e4rkte, Apotheke, Gesundheitsdienste, Cani\u00e7o Einkaufsm\u00f6glichkeiten, Banken, etc.<\/p>\n<p>&nbsp;<\/p>\n<h2>Umgebung<\/h2>\n<div id=\"metaslider-id-514\" style=\"width: 100%;\" class=\"ml-slider-3-93-0 metaslider metaslider-flex metaslider-514 ml-slider ml-slider-lightbox-1-13-2 firelight-lightbox-2-3-7 ms-theme-default nav-hidden\" role=\"region\" aria-roledescription=\"Slideshow\" aria-label=\"About\">\n    <div id=\"metaslider_container_514\">\n        <div id=\"metaslider_514\">\n            <ul class='slides'>\n                <li style=\"display: block; width: 100%;\" class=\"slide-1813 ms-image \" aria-roledescription=\"slide\" aria-label=\"slide-1813\"><a href=\"https:\/\/madeiraquintadapaz.com\/wp-content\/uploads\/2022\/06\/SOU_2277.jpg\" target=\"_self\" class=\"metaslider_image_link\" rel=\"lightbox[514]\"><img loading=\"lazy\" decoding=\"async\" src=\"https:\/\/madeiraquintadapaz.com\/wp-content\/uploads\/2022\/06\/SOU_2277-1520x912.jpg\" height=\"912\" width=\"1520\" alt=\"Quinta da Paz Madeira Hotel\" class=\"slider-514 slide-1813\" title=\"SOU_2277\" \/><\/a><\/li>\n                <li style=\"display: none; width: 100%;\" class=\"slide-1817 ms-image \" aria-roledescription=\"slide\" aria-label=\"slide-1817\"><a href=\"https:\/\/madeiraquintadapaz.com\/wp-content\/uploads\/2022\/06\/SOU_2298.jpg\" target=\"_self\" class=\"metaslider_image_link\" rel=\"lightbox[514]\"><img loading=\"lazy\" decoding=\"async\" src=\"https:\/\/madeiraquintadapaz.com\/wp-content\/uploads\/2022\/06\/SOU_2298-1520x912.jpg\" height=\"912\" width=\"1520\" alt=\"Quinta da Paz Madeira Hotel\" class=\"slider-514 slide-1817\" title=\"SOU_2298\" \/><\/a><\/li>\n                <li style=\"display: none; width: 100%;\" class=\"slide-1812 ms-image \" aria-roledescription=\"slide\" aria-label=\"slide-1812\"><a href=\"https:\/\/madeiraquintadapaz.com\/wp-content\/uploads\/2022\/06\/SOU_2211.jpg\" target=\"_self\" class=\"metaslider_image_link\" rel=\"lightbox[514]\"><img loading=\"lazy\" decoding=\"async\" src=\"https:\/\/madeiraquintadapaz.com\/wp-content\/uploads\/2022\/06\/SOU_2211-1520x912.jpg\" height=\"912\" width=\"1520\" alt=\"Quinta da Paz Madeira Hotel\" class=\"slider-514 slide-1812\" title=\"SOU_2211\" \/><\/a><\/li>\n                <li style=\"display: none; width: 100%;\" class=\"slide-214 ms-image \" aria-roledescription=\"slide\" aria-label=\"slide-214\"><a href=\"https:\/\/madeiraquintadapaz.com\/wp-content\/uploads\/2016\/10\/229.jpg\" target=\"_self\" class=\"metaslider_image_link\" rel=\"lightbox[514]\"><img loading=\"lazy\" decoding=\"async\" src=\"https:\/\/madeiraquintadapaz.com\/wp-content\/uploads\/2016\/10\/229-1345x806.jpg\" height=\"912\" width=\"1520\" alt=\"Madeira Quinta da Paz\" class=\"slider-514 slide-214\" \/><\/a><\/li>\n                <li style=\"display: none; width: 100%;\" class=\"slide-219 ms-image \" aria-roledescription=\"slide\" aria-label=\"slide-219\"><a href=\"https:\/\/madeiraquintadapaz.com\/wp-content\/uploads\/2016\/10\/247.jpg\" target=\"_self\" class=\"metaslider_image_link\" rel=\"lightbox[514]\"><img loading=\"lazy\" decoding=\"async\" src=\"https:\/\/madeiraquintadapaz.com\/wp-content\/uploads\/2016\/10\/247-1345x806.jpg\" height=\"912\" width=\"1520\" alt=\"Poll Quinta da Paz\" class=\"slider-514 slide-219\" \/><\/a><\/li>\n                <li style=\"display: none; width: 100%;\" class=\"slide-222 ms-image \" aria-roledescription=\"slide\" aria-label=\"slide-222\"><a href=\"https:\/\/madeiraquintadapaz.com\/wp-content\/uploads\/2016\/10\/276.jpg\" target=\"_self\" class=\"metaslider_image_link\" rel=\"lightbox[514]\"><img loading=\"lazy\" decoding=\"async\" src=\"https:\/\/madeiraquintadapaz.com\/wp-content\/uploads\/2016\/10\/276-1431x858.jpg\" height=\"912\" width=\"1520\" alt=\"Madeira Quinta\" class=\"slider-514 slide-222\" \/><\/a><\/li>\n                <li style=\"display: none; width: 100%;\" class=\"slide-213 ms-image \" aria-roledescription=\"slide\" aria-label=\"slide-213\"><a href=\"https:\/\/madeiraquintadapaz.com\/wp-content\/uploads\/2016\/10\/225.jpg\" target=\"_self\" class=\"metaslider_image_link\" rel=\"lightbox[514]\"><img loading=\"lazy\" decoding=\"async\" src=\"https:\/\/madeiraquintadapaz.com\/wp-content\/uploads\/2016\/10\/225-1345x806.jpg\" height=\"912\" width=\"1520\" alt=\"Madeira Quinta\" class=\"slider-514 slide-213\" \/><\/a><\/li>\n                <li style=\"display: none; width: 100%;\" class=\"slide-212 ms-image \" aria-roledescription=\"slide\" aria-label=\"slide-212\"><a href=\"https:\/\/madeiraquintadapaz.com\/wp-content\/uploads\/2016\/10\/221.jpg\" target=\"_self\" class=\"metaslider_image_link\" rel=\"lightbox[514]\"><img loading=\"lazy\" decoding=\"async\" src=\"https:\/\/madeiraquintadapaz.com\/wp-content\/uploads\/2016\/10\/221-1345x806.jpg\" height=\"912\" width=\"1520\" alt=\"Madeira Quinta\" class=\"slider-514 slide-212\" \/><\/a><\/li>\n                <li style=\"display: none; width: 100%;\" class=\"slide-224 ms-image \" aria-roledescription=\"slide\" aria-label=\"slide-224\"><a href=\"https:\/\/madeiraquintadapaz.com\/wp-content\/uploads\/2016\/10\/IMG_2833.jpg\" target=\"_self\" class=\"metaslider_image_link\" rel=\"lightbox[514]\"><img loading=\"lazy\" decoding=\"async\" src=\"https:\/\/madeiraquintadapaz.com\/wp-content\/uploads\/2016\/10\/IMG_2833-1520x912.jpg\" height=\"912\" width=\"1520\" alt=\"Luxury House Madeira\" class=\"slider-514 slide-224\" \/><\/a><\/li>\n                <li style=\"display: none; width: 100%;\" class=\"slide-216 ms-image \" aria-roledescription=\"slide\" aria-label=\"slide-216\"><a href=\"https:\/\/madeiraquintadapaz.com\/wp-content\/uploads\/2016\/10\/234.jpg\" target=\"_self\" class=\"metaslider_image_link\" rel=\"lightbox[514]\"><img loading=\"lazy\" decoding=\"async\" src=\"https:\/\/madeiraquintadapaz.com\/wp-content\/uploads\/2016\/10\/234-1345x806.jpg\" height=\"912\" width=\"1520\" alt=\"Madeira Quintas\" class=\"slider-514 slide-216\" \/><\/a><\/li>\n                <li style=\"display: none; width: 100%;\" class=\"slide-223 ms-image \" aria-roledescription=\"slide\" aria-label=\"slide-223\"><a href=\"https:\/\/madeiraquintadapaz.com\/wp-content\/uploads\/2016\/10\/IMG_2830.jpg\" target=\"_self\" class=\"metaslider_image_link\" rel=\"lightbox[514]\"><img loading=\"lazy\" decoding=\"async\" src=\"https:\/\/madeiraquintadapaz.com\/wp-content\/uploads\/2016\/10\/IMG_2830-1520x912.jpg\" height=\"912\" width=\"1520\" alt=\"Madeira Quinta da Paz\" class=\"slider-514 slide-223\" \/><\/a><\/li>\n                <li style=\"display: none; width: 100%;\" class=\"slide-1814 ms-image \" aria-roledescription=\"slide\" aria-label=\"slide-1814\"><a href=\"https:\/\/madeiraquintadapaz.com\/wp-content\/uploads\/2022\/06\/SOU_2278.jpg\" target=\"_self\" class=\"metaslider_image_link\" rel=\"lightbox[514]\"><img loading=\"lazy\" decoding=\"async\" src=\"https:\/\/madeiraquintadapaz.com\/wp-content\/uploads\/2022\/06\/SOU_2278-1520x912.jpg\" height=\"912\" width=\"1520\" alt=\"Quinta da Paz Madeira Hotel\" class=\"slider-514 slide-1814\" title=\"SOU_2278\" \/><\/a><\/li>\n                <li style=\"display: none; width: 100%;\" class=\"slide-1815 ms-image \" aria-roledescription=\"slide\" aria-label=\"slide-1815\"><a href=\"https:\/\/madeiraquintadapaz.com\/wp-content\/uploads\/2022\/06\/SOU_2282.jpg\" target=\"_self\" class=\"metaslider_image_link\" rel=\"lightbox[514]\"><img loading=\"lazy\" decoding=\"async\" src=\"https:\/\/madeiraquintadapaz.com\/wp-content\/uploads\/2022\/06\/SOU_2282-1520x912.jpg\" height=\"912\" width=\"1520\" alt=\"Quinta da Paz Madeira Hotel\" class=\"slider-514 slide-1815\" title=\"SOU_2282\" \/><\/a><\/li>\n                <li style=\"display: none; width: 100%;\" class=\"slide-1816 ms-image \" aria-roledescription=\"slide\" aria-label=\"slide-1816\"><a href=\"https:\/\/madeiraquintadapaz.com\/wp-content\/uploads\/2022\/06\/SOU_2293.jpg\" target=\"_self\" class=\"metaslider_image_link\" rel=\"lightbox[514]\"><img loading=\"lazy\" decoding=\"async\" src=\"https:\/\/madeiraquintadapaz.com\/wp-content\/uploads\/2022\/06\/SOU_2293-1520x912.jpg\" height=\"912\" width=\"1520\" alt=\"Quinta da Paz Madeira Hotel\" class=\"slider-514 slide-1816\" title=\"SOU_2293\" \/><\/a><\/li>\n                <li style=\"display: none; width: 100%;\" class=\"slide-1818 ms-image \" aria-roledescription=\"slide\" aria-label=\"slide-1818\"><a href=\"https:\/\/madeiraquintadapaz.com\/wp-content\/uploads\/2022\/06\/SOU_2309.jpg\" target=\"_self\" class=\"metaslider_image_link\" rel=\"lightbox[514]\"><img loading=\"lazy\" decoding=\"async\" src=\"https:\/\/madeiraquintadapaz.com\/wp-content\/uploads\/2022\/06\/SOU_2309-1520x912.jpg\" height=\"912\" width=\"1520\" alt=\"Quinta da Paz Madeira Hotel\" class=\"slider-514 slide-1818\" title=\"SOU_2309\" \/><\/a><\/li>\n                <li style=\"display: none; width: 100%;\" class=\"slide-1819 ms-image \" aria-roledescription=\"slide\" aria-label=\"slide-1819\"><a href=\"https:\/\/madeiraquintadapaz.com\/wp-content\/uploads\/2022\/06\/SOU_2310.jpg\" target=\"_self\" class=\"metaslider_image_link\" rel=\"lightbox[514]\"><img loading=\"lazy\" decoding=\"async\" src=\"https:\/\/madeiraquintadapaz.com\/wp-content\/uploads\/2022\/06\/SOU_2310-1520x912.jpg\" height=\"912\" width=\"1520\" alt=\"Quinta da Paz Madeira Hotel\" class=\"slider-514 slide-1819\" title=\"SOU_2310\" \/><\/a><\/li>\n                <li style=\"display: none; width: 100%;\" class=\"slide-1820 ms-image \" aria-roledescription=\"slide\" aria-label=\"slide-1820\"><a href=\"https:\/\/madeiraquintadapaz.com\/wp-content\/uploads\/2022\/06\/SOU_2325.jpg\" target=\"_self\" class=\"metaslider_image_link\" rel=\"lightbox[514]\"><img loading=\"lazy\" decoding=\"async\" src=\"https:\/\/madeiraquintadapaz.com\/wp-content\/uploads\/2022\/06\/SOU_2325-1520x912.jpg\" height=\"912\" width=\"1520\" alt=\"Quinta da Paz Madeira Hotel\" class=\"slider-514 slide-1820\" title=\"SOU_2325\" \/><\/a><\/li>\n                <li style=\"display: none; width: 100%;\" class=\"slide-1821 ms-image \" aria-roledescription=\"slide\" aria-label=\"slide-1821\"><a href=\"https:\/\/madeiraquintadapaz.com\/wp-content\/uploads\/2022\/06\/SOU_2338.jpg\" target=\"_self\" class=\"metaslider_image_link\" rel=\"lightbox[514]\"><img loading=\"lazy\" decoding=\"async\" src=\"https:\/\/madeiraquintadapaz.com\/wp-content\/uploads\/2022\/06\/SOU_2338-1520x912.jpg\" height=\"912\" width=\"1520\" alt=\"Quinta da Paz Madeira Hotel\" class=\"slider-514 slide-1821\" title=\"SOU_2338\" \/><\/a><\/li>\n                <li style=\"display: none; width: 100%;\" class=\"slide-1822 ms-image \" aria-roledescription=\"slide\" aria-label=\"slide-1822\"><a href=\"https:\/\/madeiraquintadapaz.com\/wp-content\/uploads\/2022\/06\/SOU_2339.jpg\" target=\"_self\" class=\"metaslider_image_link\" rel=\"lightbox[514]\"><img loading=\"lazy\" decoding=\"async\" src=\"https:\/\/madeiraquintadapaz.com\/wp-content\/uploads\/2022\/06\/SOU_2339-1520x912.jpg\" height=\"912\" width=\"1520\" alt=\"Quinta da Paz Madeira Hotel\" class=\"slider-514 slide-1822\" title=\"SOU_2339\" \/><\/a><\/li>\n                <li style=\"display: none; width: 100%;\" class=\"slide-1823 ms-image \" aria-roledescription=\"slide\" aria-label=\"slide-1823\"><a href=\"https:\/\/madeiraquintadapaz.com\/wp-content\/uploads\/2022\/06\/SOU_2342.jpg\" target=\"_self\" class=\"metaslider_image_link\" rel=\"lightbox[514]\"><img loading=\"lazy\" decoding=\"async\" src=\"https:\/\/madeiraquintadapaz.com\/wp-content\/uploads\/2022\/06\/SOU_2342-1520x912.jpg\" height=\"912\" width=\"1520\" alt=\"Quinta da Paz Madeira Hotel\" class=\"slider-514 slide-1823\" title=\"SOU_2342\" \/><\/a><\/li>\n                <li style=\"display: none; width: 100%;\" class=\"slide-1824 ms-image \" aria-roledescription=\"slide\" aria-label=\"slide-1824\"><a href=\"https:\/\/madeiraquintadapaz.com\/wp-content\/uploads\/2022\/06\/SOU_2348.jpg\" target=\"_self\" class=\"metaslider_image_link\" rel=\"lightbox[514]\"><img loading=\"lazy\" decoding=\"async\" src=\"https:\/\/madeiraquintadapaz.com\/wp-content\/uploads\/2022\/06\/SOU_2348-1520x912.jpg\" height=\"912\" width=\"1520\" alt=\"Quinta da Paz Madeira Hotel\" class=\"slider-514 slide-1824\" title=\"SOU_2348\" \/><\/a><\/li>\n                <li style=\"display: none; width: 100%;\" class=\"slide-1825 ms-image \" aria-roledescription=\"slide\" aria-label=\"slide-1825\"><a href=\"https:\/\/madeiraquintadapaz.com\/wp-content\/uploads\/2022\/06\/SOU_2349.jpg\" target=\"_self\" class=\"metaslider_image_link\" rel=\"lightbox[514]\"><img loading=\"lazy\" decoding=\"async\" src=\"https:\/\/madeiraquintadapaz.com\/wp-content\/uploads\/2022\/06\/SOU_2349-1520x912.jpg\" height=\"912\" width=\"1520\" alt=\"Quinta da Paz Madeira Hotel\" class=\"slider-514 slide-1825\" title=\"SOU_2349\" \/><\/a><\/li>\n            <\/ul>\n        <\/div>\n        \n    <\/div>\n<\/div>\n","protected":false},"excerpt":{"rendered":"<p>Geschichte Quinta da Paz wurde vor kurzem von der Familie, die alle ihre urspr\u00fcngliche Spur zur\u00fcck. Quinta da Paz Madeira ist ein weitl\u00e4ufiger Raum, umgeben von pr\u00e4chtigen G\u00e4rten, mit Steinb\u00f6den, Basalt, komplizierten Holzarbeiten, Marmor und Glasmalerei, die einige Traditionen unserer Insel erinnern, sowie nationale Traditionen, die untrennbar mit unserer lokalen Kultur verbunden sind. Das Hotel &hellip; <a href=\"https:\/\/madeiraquintadapaz.com\/de\/uber-quinta-da-paz-madeira\/\">Continued<\/a><\/p>\n","protected":false},"author":1,"featured_media":206,"parent":0,"menu_order":0,"comment_status":"closed","ping_status":"closed","template":"","meta":{"footnotes":""},"class_list":["post-247","page","type-page","status-publish","has-post-thumbnail","hentry"],"_links":{"self":[{"href":"https:\/\/madeiraquintadapaz.com\/de\/wp-json\/wp\/v2\/pages\/247","targetHints":{"allow":["GET"]}}],"collection":[{"href":"https:\/\/madeiraquintadapaz.com\/de\/wp-json\/wp\/v2\/pages"}],"about":[{"href":"https:\/\/madeiraquintadapaz.com\/de\/wp-json\/wp\/v2\/types\/page"}],"author":[{"embeddable":true,"href":"https:\/\/madeiraquintadapaz.com\/de\/wp-json\/wp\/v2\/users\/1"}],"replies":[{"embeddable":true,"href":"https:\/\/madeiraquintadapaz.com\/de\/wp-json\/wp\/v2\/comments?post=247"}],"version-history":[{"count":7,"href":"https:\/\/madeiraquintadapaz.com\/de\/wp-json\/wp\/v2\/pages\/247\/revisions"}],"predecessor-version":[{"id":578,"href":"https:\/\/madeiraquintadapaz.com\/de\/wp-json\/wp\/v2\/pages\/247\/revisions\/578"}],"wp:featuredmedia":[{"embeddable":true,"href":"https:\/\/madeiraquintadapaz.com\/de\/wp-json\/wp\/v2\/media\/206"}],"wp:attachment":[{"href":"https:\/\/madeiraquintadapaz.com\/de\/wp-json\/wp\/v2\/media?parent=247"}],"curies":[{"name":"wp","href":"https:\/\/api.w.org\/{rel}","templated":true}]}}