{"id":37,"date":"2016-07-13T16:59:52","date_gmt":"2016-07-13T16:59:52","guid":{"rendered":"https:\/\/madeiraquintadapaz.com\/\/?page_id=37&#038;lang=de"},"modified":"2016-11-22T15:08:25","modified_gmt":"2016-11-22T15:08:25","slug":"home","status":"publish","type":"page","link":"https:\/\/madeiraquintadapaz.com\/de\/","title":{"rendered":"Index"},"content":{"rendered":"<h2>Willkommen bei Quinta da Paz<\/h2>\n<p>Das Hotel liegt in der N\u00e4he des Dorfes Canico, sehr nah bei der Hauptstadt Funchal, Madeira profitiert von einem milden Klima, das stark zu den \u00fcppigen G\u00e4rten und die vielf\u00e4ltigen Blumen, die das ganze Jahr \u00fcber seine Ecken schm\u00fccken beigetragen.<\/p>\n","protected":false},"excerpt":{"rendered":"<p>Willkommen bei Quinta da Paz Das Hotel liegt in der N\u00e4he des Dorfes Canico, sehr nah bei der Hauptstadt Funchal, Madeira profitiert von einem milden Klima, das stark zu den \u00fcppigen G\u00e4rten und die vielf\u00e4ltigen Blumen, die das ganze Jahr \u00fcber seine Ecken schm\u00fccken beigetragen.<\/p>\n","protected":false},"author":1,"featured_media":0,"parent":0,"menu_order":0,"comment_status":"closed","ping_status":"open","template":"template-home.php","meta":{"footnotes":""},"class_list":["post-37","page","type-page","status-publish","hentry"],"_links":{"self":[{"href":"https:\/\/madeiraquintadapaz.com\/de\/wp-json\/wp\/v2\/pages\/37","targetHints":{"allow":["GET"]}}],"collection":[{"href":"https:\/\/madeiraquintadapaz.com\/de\/wp-json\/wp\/v2\/pages"}],"about":[{"href":"https:\/\/madeiraquintadapaz.com\/de\/wp-json\/wp\/v2\/types\/page"}],"author":[{"embeddable":true,"href":"https:\/\/madeiraquintadapaz.com\/de\/wp-json\/wp\/v2\/users\/1"}],"replies":[{"embeddable":true,"href":"https:\/\/madeiraquintadapaz.com\/de\/wp-json\/wp\/v2\/comments?post=37"}],"version-history":[{"count":7,"href":"https:\/\/madeiraquintadapaz.com\/de\/wp-json\/wp\/v2\/pages\/37\/revisions"}],"predecessor-version":[{"id":453,"href":"https:\/\/madeiraquintadapaz.com\/de\/wp-json\/wp\/v2\/pages\/37\/revisions\/453"}],"wp:attachment":[{"href":"https:\/\/madeiraquintadapaz.com\/de\/wp-json\/wp\/v2\/media?parent=37"}],"curies":[{"name":"wp","href":"https:\/\/api.w.org\/{rel}","templated":true}]}}