{"id":1164,"date":"2019-02-19T11:25:11","date_gmt":"2019-02-19T11:25:11","guid":{"rendered":"https:\/\/madeiraquintadapaz.com\/?page_id=1164"},"modified":"2019-02-19T11:25:12","modified_gmt":"2019-02-19T11:25:12","slug":"sobre","status":"publish","type":"page","link":"https:\/\/madeiraquintadapaz.com\/es\/sobre\/","title":{"rendered":"Sobre"},"content":{"rendered":"\n<p><\/p>\n\n\n<h2>Historia<\/h2>\n<p>Quinta da Paz fue restaurada recientemente por la familia conservando todo su rastro original.<\/p>\n<p>Quinta da Paz Madeira es un amplio espacio rodeado de magn\u00edficos jardines, decorados con baldosas de piedra, basalto, madera intrincada, m\u00e1rmol y vitrales que evocan algunas tradiciones de nuestra isla, as\u00ed como tradiciones nacionales intr\u00ednsecamente vinculadas a nuestra cultura local.<\/p>\n<p>Ubicado en el coraz\u00f3n de Cani\u00e7o, cerca de la ciudad de Funchal, la Quinta se beneficia de un clima suave que contribuye en gran medida a los exuberantes jardines y las variadas flores que decoran sus rincones durante todo el a\u00f1o.<\/p>\n<p>\u00a0<\/p>\n<h2>Planea tu viaje<\/h2>\n<p>Desde el aeropuerto de Madeira hasta la Quinta da Paz Madeira, le recomendamos que utilice el Taxi o nuestro servicio de transporte, o si tiene una cita con un alquiler de coches es f\u00e1cil encontrarnos. Tome nota de nuestra ubicaci\u00f3n para usar en el GPS: 32\u00b038&#8217;58.5&#8243;N 16\u00b050&#8217;12.8&#8243;W<\/p>\n<p>H\u00e1ganos saber si necesita que le ayudemos a alquilar un autom\u00f3vil.<\/p>\n<p>H\u00e1ganos saber si necesita que le ayudemos a alquilar un autom\u00f3vil. <a href=\"https:\/\/www.aeroportomadeira.pt\" target=\"_blank\" rel=\"noopener\">www.aeroportomadeira.pt<\/a><\/p>\n<p>\u00a0<\/p>\n<h2>Reserve nuestro servicio de transporte<\/h2>\n<p>Cont\u00e1ctenos para solicitar transporte a la Quinta da Paz.<\/p>\n<p>\u00a0<\/p>\n<h2>Cerca<\/h2>\n<p>Quinta da Paz est\u00e1 muy cerca de los principales servicios, a solo 2 minutos en autom\u00f3vil encontrar\u00e1 restaurantes, supermercados, farmacias, servicios de salud, tiendas en Cani\u00e7o, bancos, etc.<\/p>\n<p>\u00a0<\/p>\n<h2>Alrededores<\/h2>\n<div id=\"metaslider-id-514\" style=\"width: 100%;\" class=\"ml-slider-3-108-0 metaslider metaslider-flex metaslider-514 ml-slider ml-slider-lightbox-2-22-0 firelight-lightbox-2-3-19 ms-theme-default nav-hidden\" role=\"region\" aria-label=\"About\" data-height=\"912\" data-width=\"1520\">\n    <div id=\"metaslider_container_514\">\n        <div id=\"metaslider_514\">\n            <ul class='slides'>\n                <li style=\"display: block; width: 100%;\" class=\"slide-1813 ms-image \" aria-roledescription=\"slide\" data-date=\"2022-06-23 10:21:49\" data-filename=\"SOU_2277-1520x912.jpg\" data-slide-type=\"image\"><img loading=\"lazy\" decoding=\"async\" src=\"https:\/\/madeiraquintadapaz.com\/wp-content\/uploads\/2022\/06\/SOU_2277-1520x912.jpg\" height=\"912\" width=\"1520\" alt=\"Quinta da Paz Madeira Hotel\" class=\"slider-514 slide-1813 msDefaultImage ml-lightbox-enabled\" title=\"SOU_2277\" \/><\/li>\n                <li style=\"display: none; width: 100%;\" class=\"slide-1817 ms-image \" aria-roledescription=\"slide\" data-date=\"2022-06-23 10:22:42\" data-filename=\"SOU_2298-1520x912.jpg\" data-slide-type=\"image\"><img loading=\"lazy\" decoding=\"async\" src=\"https:\/\/madeiraquintadapaz.com\/wp-content\/uploads\/2022\/06\/SOU_2298-1520x912.jpg\" height=\"912\" width=\"1520\" alt=\"Quinta da Paz Madeira Hotel\" class=\"slider-514 slide-1817 msDefaultImage ml-lightbox-enabled\" title=\"SOU_2298\" \/><\/li>\n                <li style=\"display: none; width: 100%;\" class=\"slide-1812 ms-image \" aria-roledescription=\"slide\" data-date=\"2022-06-23 10:21:28\" data-filename=\"SOU_2211-1520x912.jpg\" data-slide-type=\"image\"><img loading=\"lazy\" decoding=\"async\" src=\"https:\/\/madeiraquintadapaz.com\/wp-content\/uploads\/2022\/06\/SOU_2211-1520x912.jpg\" height=\"912\" width=\"1520\" alt=\"Quinta da Paz Madeira Hotel\" class=\"slider-514 slide-1812 msDefaultImage ml-lightbox-enabled\" title=\"SOU_2211\" \/><\/li>\n                <li style=\"display: none; width: 100%;\" class=\"slide-214 ms-image \" aria-roledescription=\"slide\" data-date=\"2016-10-21 11:05:01\" data-filename=\"229-1345x806.jpg\" data-slide-type=\"image\"><img loading=\"lazy\" decoding=\"async\" src=\"https:\/\/madeiraquintadapaz.com\/wp-content\/uploads\/2016\/10\/229-1345x806.jpg\" height=\"912\" width=\"1520\" alt=\"Madeira Quinta da Paz\" class=\"slider-514 slide-214 msDefaultImage ml-lightbox-enabled\" \/><\/li>\n                <li style=\"display: none; width: 100%;\" class=\"slide-219 ms-image \" aria-roledescription=\"slide\" data-date=\"2016-10-21 11:05:21\" data-filename=\"247-1345x806.jpg\" data-slide-type=\"image\"><img loading=\"lazy\" decoding=\"async\" src=\"https:\/\/madeiraquintadapaz.com\/wp-content\/uploads\/2016\/10\/247-1345x806.jpg\" height=\"912\" width=\"1520\" alt=\"Poll Quinta da Paz\" class=\"slider-514 slide-219 msDefaultImage ml-lightbox-enabled\" \/><\/li>\n                <li style=\"display: none; width: 100%;\" class=\"slide-222 ms-image \" aria-roledescription=\"slide\" data-date=\"2016-10-21 11:05:33\" data-filename=\"276-1431x858.jpg\" data-slide-type=\"image\"><img loading=\"lazy\" decoding=\"async\" src=\"https:\/\/madeiraquintadapaz.com\/wp-content\/uploads\/2016\/10\/276-1431x858.jpg\" height=\"912\" width=\"1520\" alt=\"Madeira Quinta\" class=\"slider-514 slide-222 msDefaultImage ml-lightbox-enabled\" \/><\/li>\n                <li style=\"display: none; width: 100%;\" class=\"slide-213 ms-image \" aria-roledescription=\"slide\" data-date=\"2016-10-21 11:04:57\" data-filename=\"225-1345x806.jpg\" data-slide-type=\"image\"><img loading=\"lazy\" decoding=\"async\" src=\"https:\/\/madeiraquintadapaz.com\/wp-content\/uploads\/2016\/10\/225-1345x806.jpg\" height=\"912\" width=\"1520\" alt=\"Madeira Quinta\" class=\"slider-514 slide-213 msDefaultImage ml-lightbox-enabled\" \/><\/li>\n                <li style=\"display: none; width: 100%;\" class=\"slide-212 ms-image \" aria-roledescription=\"slide\" data-date=\"2016-10-21 11:04:51\" data-filename=\"221-1345x806.jpg\" data-slide-type=\"image\"><img loading=\"lazy\" decoding=\"async\" src=\"https:\/\/madeiraquintadapaz.com\/wp-content\/uploads\/2016\/10\/221-1345x806.jpg\" height=\"912\" width=\"1520\" alt=\"Madeira Quinta\" class=\"slider-514 slide-212 msDefaultImage ml-lightbox-enabled\" \/><\/li>\n                <li style=\"display: none; width: 100%;\" class=\"slide-224 ms-image \" aria-roledescription=\"slide\" data-date=\"2016-10-21 11:05:39\" data-filename=\"IMG_2833-1520x912.jpg\" data-slide-type=\"image\"><img loading=\"lazy\" decoding=\"async\" src=\"https:\/\/madeiraquintadapaz.com\/wp-content\/uploads\/2016\/10\/IMG_2833-1520x912.jpg\" height=\"912\" width=\"1520\" alt=\"Luxury House Madeira\" class=\"slider-514 slide-224 msDefaultImage ml-lightbox-enabled\" \/><\/li>\n                <li style=\"display: none; width: 100%;\" class=\"slide-216 ms-image \" aria-roledescription=\"slide\" data-date=\"2016-10-21 11:05:08\" data-filename=\"234-1345x806.jpg\" data-slide-type=\"image\"><img loading=\"lazy\" decoding=\"async\" src=\"https:\/\/madeiraquintadapaz.com\/wp-content\/uploads\/2016\/10\/234-1345x806.jpg\" height=\"912\" width=\"1520\" alt=\"Madeira Quintas\" class=\"slider-514 slide-216 msDefaultImage ml-lightbox-enabled\" \/><\/li>\n                <li style=\"display: none; width: 100%;\" class=\"slide-223 ms-image \" aria-roledescription=\"slide\" data-date=\"2016-10-21 11:05:36\" data-filename=\"IMG_2830-1520x912.jpg\" data-slide-type=\"image\"><img loading=\"lazy\" decoding=\"async\" src=\"https:\/\/madeiraquintadapaz.com\/wp-content\/uploads\/2016\/10\/IMG_2830-1520x912.jpg\" height=\"912\" width=\"1520\" alt=\"Madeira Quinta da Paz\" class=\"slider-514 slide-223 msDefaultImage ml-lightbox-enabled\" \/><\/li>\n                <li style=\"display: none; width: 100%;\" class=\"slide-1814 ms-image \" aria-roledescription=\"slide\" data-date=\"2022-06-23 10:22:09\" data-filename=\"SOU_2278-1520x912.jpg\" data-slide-type=\"image\"><img loading=\"lazy\" decoding=\"async\" src=\"https:\/\/madeiraquintadapaz.com\/wp-content\/uploads\/2022\/06\/SOU_2278-1520x912.jpg\" height=\"912\" width=\"1520\" alt=\"Quinta da Paz Madeira Hotel\" class=\"slider-514 slide-1814 msDefaultImage ml-lightbox-enabled\" title=\"SOU_2278\" \/><\/li>\n                <li style=\"display: none; width: 100%;\" class=\"slide-1815 ms-image \" aria-roledescription=\"slide\" data-date=\"2022-06-23 10:22:20\" data-filename=\"SOU_2282-1520x912.jpg\" data-slide-type=\"image\"><img loading=\"lazy\" decoding=\"async\" src=\"https:\/\/madeiraquintadapaz.com\/wp-content\/uploads\/2022\/06\/SOU_2282-1520x912.jpg\" height=\"912\" width=\"1520\" alt=\"Quinta da Paz Madeira Hotel\" class=\"slider-514 slide-1815 msDefaultImage ml-lightbox-enabled\" title=\"SOU_2282\" \/><\/li>\n                <li style=\"display: none; width: 100%;\" class=\"slide-1816 ms-image \" aria-roledescription=\"slide\" data-date=\"2022-06-23 10:22:30\" data-filename=\"SOU_2293-1520x912.jpg\" data-slide-type=\"image\"><img loading=\"lazy\" decoding=\"async\" src=\"https:\/\/madeiraquintadapaz.com\/wp-content\/uploads\/2022\/06\/SOU_2293-1520x912.jpg\" height=\"912\" width=\"1520\" alt=\"Quinta da Paz Madeira Hotel\" class=\"slider-514 slide-1816 msDefaultImage ml-lightbox-enabled\" title=\"SOU_2293\" \/><\/li>\n                <li style=\"display: none; width: 100%;\" class=\"slide-1818 ms-image \" aria-roledescription=\"slide\" data-date=\"2022-06-23 10:23:08\" data-filename=\"SOU_2309-1520x912.jpg\" data-slide-type=\"image\"><img loading=\"lazy\" decoding=\"async\" src=\"https:\/\/madeiraquintadapaz.com\/wp-content\/uploads\/2022\/06\/SOU_2309-1520x912.jpg\" height=\"912\" width=\"1520\" alt=\"Quinta da Paz Madeira Hotel\" class=\"slider-514 slide-1818 msDefaultImage ml-lightbox-enabled\" title=\"SOU_2309\" \/><\/li>\n                <li style=\"display: none; width: 100%;\" class=\"slide-1819 ms-image \" aria-roledescription=\"slide\" data-date=\"2022-06-23 10:23:34\" data-filename=\"SOU_2310-1520x912.jpg\" data-slide-type=\"image\"><img loading=\"lazy\" decoding=\"async\" src=\"https:\/\/madeiraquintadapaz.com\/wp-content\/uploads\/2022\/06\/SOU_2310-1520x912.jpg\" height=\"912\" width=\"1520\" alt=\"Quinta da Paz Madeira Hotel\" class=\"slider-514 slide-1819 msDefaultImage ml-lightbox-enabled\" title=\"SOU_2310\" \/><\/li>\n                <li style=\"display: none; width: 100%;\" class=\"slide-1820 ms-image \" aria-roledescription=\"slide\" data-date=\"2022-06-23 10:23:46\" data-filename=\"SOU_2325-1520x912.jpg\" data-slide-type=\"image\"><img loading=\"lazy\" decoding=\"async\" src=\"https:\/\/madeiraquintadapaz.com\/wp-content\/uploads\/2022\/06\/SOU_2325-1520x912.jpg\" height=\"912\" width=\"1520\" alt=\"Quinta da Paz Madeira Hotel\" class=\"slider-514 slide-1820 msDefaultImage ml-lightbox-enabled\" title=\"SOU_2325\" \/><\/li>\n                <li style=\"display: none; width: 100%;\" class=\"slide-1821 ms-image \" aria-roledescription=\"slide\" data-date=\"2022-06-23 10:23:58\" data-filename=\"SOU_2338-1520x912.jpg\" data-slide-type=\"image\"><img loading=\"lazy\" decoding=\"async\" src=\"https:\/\/madeiraquintadapaz.com\/wp-content\/uploads\/2022\/06\/SOU_2338-1520x912.jpg\" height=\"912\" width=\"1520\" alt=\"Quinta da Paz Madeira Hotel\" class=\"slider-514 slide-1821 msDefaultImage ml-lightbox-enabled\" title=\"SOU_2338\" \/><\/li>\n                <li style=\"display: none; width: 100%;\" class=\"slide-1822 ms-image \" aria-roledescription=\"slide\" data-date=\"2022-06-23 10:24:12\" data-filename=\"SOU_2339-1520x912.jpg\" data-slide-type=\"image\"><img loading=\"lazy\" decoding=\"async\" src=\"https:\/\/madeiraquintadapaz.com\/wp-content\/uploads\/2022\/06\/SOU_2339-1520x912.jpg\" height=\"912\" width=\"1520\" alt=\"Quinta da Paz Madeira Hotel\" class=\"slider-514 slide-1822 msDefaultImage ml-lightbox-enabled\" title=\"SOU_2339\" \/><\/li>\n                <li style=\"display: none; width: 100%;\" class=\"slide-1823 ms-image \" aria-roledescription=\"slide\" data-date=\"2022-06-23 10:24:23\" data-filename=\"SOU_2342-1520x912.jpg\" data-slide-type=\"image\"><img loading=\"lazy\" decoding=\"async\" src=\"https:\/\/madeiraquintadapaz.com\/wp-content\/uploads\/2022\/06\/SOU_2342-1520x912.jpg\" height=\"912\" width=\"1520\" alt=\"Quinta da Paz Madeira Hotel\" class=\"slider-514 slide-1823 msDefaultImage ml-lightbox-enabled\" title=\"SOU_2342\" \/><\/li>\n                <li style=\"display: none; width: 100%;\" class=\"slide-1824 ms-image \" aria-roledescription=\"slide\" data-date=\"2022-06-23 10:24:38\" data-filename=\"SOU_2348-1520x912.jpg\" data-slide-type=\"image\"><img loading=\"lazy\" decoding=\"async\" src=\"https:\/\/madeiraquintadapaz.com\/wp-content\/uploads\/2022\/06\/SOU_2348-1520x912.jpg\" height=\"912\" width=\"1520\" alt=\"Quinta da Paz Madeira Hotel\" class=\"slider-514 slide-1824 msDefaultImage ml-lightbox-enabled\" title=\"SOU_2348\" \/><\/li>\n                <li style=\"display: none; width: 100%;\" class=\"slide-1825 ms-image \" aria-roledescription=\"slide\" data-date=\"2022-06-23 10:24:49\" data-filename=\"SOU_2349-1520x912.jpg\" data-slide-type=\"image\"><img loading=\"lazy\" decoding=\"async\" src=\"https:\/\/madeiraquintadapaz.com\/wp-content\/uploads\/2022\/06\/SOU_2349-1520x912.jpg\" height=\"912\" width=\"1520\" alt=\"Quinta da Paz Madeira Hotel\" class=\"slider-514 slide-1825 msDefaultImage ml-lightbox-enabled\" title=\"SOU_2349\" \/><\/li>\n            <\/ul>\n        <\/div>\n        \n    <\/div>\n<\/div>","protected":false},"excerpt":{"rendered":"<p>Historia Quinta da Paz fue restaurada recientemente por la familia conservando todo su rastro original. Quinta da Paz Madeira es un amplio espacio rodeado de magn\u00edficos jardines, decorados con baldosas de piedra, basalto, madera intrincada, m\u00e1rmol y vitrales que evocan algunas tradiciones de nuestra isla, as\u00ed como tradiciones nacionales intr\u00ednsecamente vinculadas a nuestra cultura local. &hellip; <a href=\"https:\/\/madeiraquintadapaz.com\/es\/sobre\/\">Continued<\/a><\/p>\n","protected":false},"author":1,"featured_media":1167,"parent":0,"menu_order":0,"comment_status":"closed","ping_status":"closed","template":"","meta":{"footnotes":""},"class_list":["post-1164","page","type-page","status-publish","has-post-thumbnail","hentry"],"_links":{"self":[{"href":"https:\/\/madeiraquintadapaz.com\/es\/wp-json\/wp\/v2\/pages\/1164","targetHints":{"allow":["GET"]}}],"collection":[{"href":"https:\/\/madeiraquintadapaz.com\/es\/wp-json\/wp\/v2\/pages"}],"about":[{"href":"https:\/\/madeiraquintadapaz.com\/es\/wp-json\/wp\/v2\/types\/page"}],"author":[{"embeddable":true,"href":"https:\/\/madeiraquintadapaz.com\/es\/wp-json\/wp\/v2\/users\/1"}],"replies":[{"embeddable":true,"href":"https:\/\/madeiraquintadapaz.com\/es\/wp-json\/wp\/v2\/comments?post=1164"}],"version-history":[{"count":1,"href":"https:\/\/madeiraquintadapaz.com\/es\/wp-json\/wp\/v2\/pages\/1164\/revisions"}],"predecessor-version":[{"id":1166,"href":"https:\/\/madeiraquintadapaz.com\/es\/wp-json\/wp\/v2\/pages\/1164\/revisions\/1166"}],"wp:featuredmedia":[{"embeddable":true,"href":"https:\/\/madeiraquintadapaz.com\/es\/wp-json\/wp\/v2\/media\/1167"}],"wp:attachment":[{"href":"https:\/\/madeiraquintadapaz.com\/es\/wp-json\/wp\/v2\/media?parent=1164"}],"curies":[{"name":"wp","href":"https:\/\/api.w.org\/{rel}","templated":true}]}}