{"id":1168,"date":"2019-02-19T11:53:05","date_gmt":"2019-02-19T11:53:05","guid":{"rendered":"https:\/\/madeiraquintadapaz.com\/?page_id=1168"},"modified":"2022-06-22T16:00:35","modified_gmt":"2022-06-22T16:00:35","slug":"politica-de-privacidad","status":"publish","type":"page","link":"https:\/\/madeiraquintadapaz.com\/es\/politica-de-privacidad\/","title":{"rendered":"Pol\u00edtica de Privacidad"},"content":{"rendered":"<p>Madeira Quinta da Paz se compromete a salvaguardar su privacidad. Comun\u00edquese con nosotros si tiene alguna pregunta o problema con respecto al uso de sus Datos personales y con gusto lo ayudaremos.<\/p>\n<p>Al utilizar este sitio y \/ o nuestros servicios, usted acepta el procesamiento de sus datos personales como se describe en esta Pol\u00edtica de privacidad.<\/p>\n<h3>Tabla de Contenido<\/h3>\n<ol>\n<li><a href=\"#gdpr-definitions\">Definiciones utilizadas en esta Pol\u00edtica<\/a><\/li>\n<li><a href=\"#gdpr-principles\">Principios de protecci\u00f3n de datos que seguimos.<\/a><\/li>\n<li><a href=\"#gdpr-rights\">\u00bfQu\u00e9 derechos tiene sobre sus datos personales?<\/a><\/li>\n<li><a href=\"#gdpr-information\">Qu\u00e9 datos personales recopilamos sobre usted<\/a><\/li>\n<li><a href=\"#gdpr-processing\">C\u00f3mo utilizamos sus datos personales<\/a><\/li>\n<li><a href=\"#gdpr-sharing\">Quien m\u00e1s tiene acceso a tus datos personales<\/a><\/li>\n<li><a href=\"#gdpr-security\">C\u00f3mo aseguramos sus datos<\/a><\/li>\n<li><a href=\"#gdpr-cookies\">Informaci\u00f3n sobre las cookies<\/a><\/li>\n<li><a href=\"#gdpr-contact\">Informaci\u00f3n del contacto<\/a><\/li>\n<\/ol>\n<h3 id=\"gdpr-definitions\">Definiciones<\/h3>\n<p><strong>Informaci\u00f3n personal<\/strong> \u2013 cualquier informaci\u00f3n relacionada con una persona f\u00edsica identificada o identificable.<br \/>\n<strong>Tratamiento<\/strong> \u2013 cualquier operaci\u00f3n o conjunto de operaciones que se realice en Datos personales o en conjuntos de Datos personales.<br \/>\n<strong>Sujeto de datos<\/strong> &#8211; una persona f\u00edsica cuyos datos personales est\u00e1n siendo procesados.<br \/>\n<strong>Ni\u00f1os<\/strong> &#8211; una persona f\u00edsica menor de 16 a\u00f1os de edad.<br \/>\n<strong>Nosotras<\/strong> \u2013 Madeira Quinta da Paz<\/p>\n<h3 id=\"gdpr-principles\">Principios de protecci\u00f3n de datos<\/h3>\n<p>Nos comprometemos a seguir los siguientes principios de protecci\u00f3n de datos:<\/p>\n<ul>\n<li>El procesamiento es legal, justo, transparente. Nuestras actividades de procesamiento tienen motivos legales. Siempre consideramos sus derechos antes de procesar datos personales. Le proporcionaremos informaci\u00f3n sobre el procesamiento a petici\u00f3n.<\/li>\n<li>El procesamiento se limita al prop\u00f3sito. Nuestras actividades de procesamiento se ajustan al prop\u00f3sito para el cual se recopilaron los datos personales.<\/li>\n<li>El procesamiento se realiza con datos m\u00ednimos. Solo recopilamos y procesamos la cantidad m\u00ednima de datos personales necesarios para cualquier prop\u00f3sito.<\/li>\n<li>El procesamiento es limitado con un per\u00edodo de tiempo. No almacenaremos sus datos personales por m\u00e1s tiempo del necesario.<\/li>\n<li>Haremos todo lo posible para garantizar la exactitud de los datos.<\/li>\n<li>Haremos todo lo posible para garantizar la integridad y la confidencialidad de los datos.<\/li>\n<\/ul>\n<h3 id=\"gdpr-rights\">Derechos del sujeto de datos<\/h3>\n<p>El sujeto de datos tiene los siguientes derechos:<\/p>\n<ol>\n<li>Derecho de informaci\u00f3n \u2013 lo que significa que tiene derecho a saber si sus datos personales se est\u00e1n procesando; qu\u00e9 datos se recopilan, de d\u00f3nde se obtienen y por qu\u00e9 y por qui\u00e9n se procesan.<\/li>\n<li>Derecho de acceso \u2013 lo que significa que tiene derecho a acceder a los datos recopilados de \/ sobre usted. Esto incluye su derecho a solicitar y obtener una copia de sus Datos personales recopilados.<\/li>\n<li>Derecho de rectificaci\u00f3n \u2013 lo que significa que tiene derecho a solicitar la rectificaci\u00f3n o eliminaci\u00f3n de sus datos personales que sean inexactos o incompletos.<\/li>\n<li>Derecho a borrar \u2013 es decir, en determinadas circunstancias, puede solicitar que sus Datos personales se borren de nuestros registros.<\/li>\n<li>Derecho a restringir el procesamiento \u2013 es decir, donde se aplican ciertas condiciones, tiene derecho a restringir el procesamiento de sus datos personales.<\/li>\n<li>Derecho a objetar al procesamiento \u2013 es decir, en ciertos casos tiene derecho a objetar el procesamiento de sus datos personales, por ejemplo, en el caso de marketing directo.<\/li>\n<li>Derecho a objetar al procesamiento automatizado \u2013 lo que significa que tiene derecho a objetar el procesamiento automatizado, incluido el perfilado; y no estar sujeto a una decisi\u00f3n basada \u00fanicamente en el procesamiento automatizado. Este derecho que puede ejercer siempre que el resultado del perfil produzca efectos legales que le afecten o afecten significativamente.<\/li>\n<li>Derecho a la portabilidad de datos \u2013 tiene derecho a obtener sus Datos personales en un formato legible por m\u00e1quina o, si es posible, como una transferencia directa de un Procesador a otro.<\/li>\n<li>Derecho a presentar una queja \u2013 En caso de que rechacemos su solicitud en virtud de los Derechos de acceso, le proporcionaremos un motivo por el cual. Si no est\u00e1 satisfecho con la forma en que se ha manejado su solicitud, cont\u00e1ctenos.<\/li>\n<li>Justo por la ayuda de <a href=\"#gdpr-contact\">autoridad supervisora<\/a> \u2013 lo que significa que usted tiene el derecho de recibir ayuda de una autoridad supervisora y el derecho a otros recursos legales, como reclamar da\u00f1os y perjuicios.<\/li>\n<li>Derecho a retirar el consentimiento \u2013 Usted tiene el derecho de retirar cualquier consentimiento dado para el procesamiento de sus datos personales.<\/li>\n<\/ol>\n<h3 id=\"gdpr-information\">Datos que recopilamos<\/h3>\n<p><strong>Informaci\u00f3n que nos ha proporcionado<\/strong><br \/>\nEsta podr\u00eda ser su direcci\u00f3n de correo electr\u00f3nico, nombre, direcci\u00f3n de facturaci\u00f3n, direcci\u00f3n de casa, etc. \u2013 Principalmente la informaci\u00f3n que es necesaria para entregarle un producto \/ servicio o para mejorar su experiencia de cliente con nosotros. Guardamos la informaci\u00f3n que nos proporciona para que pueda comentar o realizar otras actividades en el sitio web. Esta informaci\u00f3n incluye, por ejemplo, su nombre y direcci\u00f3n de correo electr\u00f3nico.<\/p>\n<p><strong>Informaci\u00f3n recopilada autom\u00e1ticamente sobre usted<\/strong><\/p>\n<p>Esto incluye informaci\u00f3n que se almacena autom\u00e1ticamente mediante cookies y otras herramientas de sesi\u00f3n. Por ejemplo, su direcci\u00f3n IP, su historial de compras (si existe), etc. Esta informaci\u00f3n se utiliza para mejorar la experiencia de sus clientes. Cuando utiliza nuestros servicios o mira los contenidos de nuestro sitio web, es posible que se registren sus actividades.<\/p>\n<p><strong>Informaci\u00f3n de nuestros socios<\/strong><\/p>\n<p>Recopilamos informaci\u00f3n de nuestros socios de confianza con la confirmaci\u00f3n de que tienen motivos legales para compartir esa informaci\u00f3n con nosotros. Esta es informaci\u00f3n que usted les ha proporcionado directamente o que se ha reunido sobre usted por otros motivos legales. Vea la lista de nuestros socios.<a href=\"#gdpr-sharing\">aqu\u00ed<\/a>.<\/p>\n<p><strong>Informaci\u00f3n p\u00fablica disponible<\/strong><br \/>\nPodr\u00edamos recopilar informaci\u00f3n sobre usted que est\u00e9 disponible p\u00fablicamente.<\/p>\n<h3 id=\"gdpr-processing\">C\u00f3mo utilizamos sus datos personales<\/h3>\n<p>Utilizamos sus Datos Personales para:<\/p>\n<ul>\n<li>brindarle nuestro servicio. Esto incluye, por ejemplo, el registro de su cuenta; proporcionarle otros productos y servicios que haya solicitado; proporcionarle art\u00edculos promocionales a su solicitud y comunicarse con usted en relaci\u00f3n con esos productos y servicios; comunic\u00e1ndote e interactuando contigo; y avisarte de los cambios en cualquier servicio.<\/li>\n<li>mejorar su experiencia de cliente;<\/li>\n<li>cumplir una obligaci\u00f3n legal o contractual;<\/li>\n<\/ul>\n<p>Utilizamos sus datos personales por motivos leg\u00edtimos y \/ o con su consentimiento.<\/p>\n<p>Con el fin de celebrar un contrato o cumplir obligaciones contractuales, procesamos sus Datos personales para los siguientes fines:<\/p>\n<ul>\n<li>para identificarte;<\/li>\n<li>para proporcionarle un servicio o para enviarle \/ ofrecerle un producto;<\/li>\n<li>Para comunicarse ya sea por ventas o facturaci\u00f3n;<\/li>\n<\/ul>\n<p>Por motivos de inter\u00e9s leg\u00edtimo, procesamos sus datos personales para los siguientes fines:<\/p>\n<ul>\n<li>para enviarle ofertas personalizadas (de nosotros y \/ o de nuestros socios cuidadosamente seleccionados);<\/li>\n<li>para administrar y analizar nuestra base de clientes (comportamiento de compra e historial) con el fin de mejorar la calidad, variedad y disponibilidad de los productos \/ servicios ofrecidos \/ proporcionados;<\/li>\n<li>realizar cuestionarios sobre la satisfacci\u00f3n del cliente;<\/li>\n<\/ul>\n<p>Con su consentimiento procesamos sus datos personales para los siguientes fines:<\/p>\n<ul>\n<li>para enviarle boletines y ofertas de campa\u00f1a (de nosotros y \/ o de nuestros socios cuidadosamente seleccionados);<\/li>\n<li>Para otros fines hemos pedido su consentimiento para;<\/li>\n<\/ul>\n<p>Procesamos sus Datos personales para cumplir con las obligaciones derivadas de la ley y \/ o utilizamos sus Datos personales para las opciones proporcionadas por la ley. Nos reservamos el derecho de anonimizar los datos personales recopilados y de utilizar dichos datos. Usaremos datos fuera del alcance de esta Pol\u00edtica solo cuando se anonimice. Guardamos su informaci\u00f3n de facturaci\u00f3n y otra informaci\u00f3n recopilada sobre usted durante el tiempo que sea necesario para fines contables u otras obligaciones derivadas de la ley, pero no m\u00e1s de 10 a\u00f1os.<\/p>\n<p>Podr\u00edamos procesar sus Datos personales para fines adicionales que no se mencionan aqu\u00ed, pero son compatibles con el prop\u00f3sito original para el que se recopilaron los datos. Para ello, nos aseguraremos de que:<\/p>\n<ul>\n<li>el v\u00ednculo entre los prop\u00f3sitos, el contexto y la naturaleza de los Datos personales es adecuado para su posterior procesamiento.;<\/li>\n<li>el procesamiento posterior no da\u00f1ar\u00eda sus intereses y<\/li>\n<li>habr\u00eda salvaguarda apropiada para el procesamiento.<\/li>\n<\/ul>\n<p>Le informaremos de cualquier posterior procesamiento y prop\u00f3sitos.<\/p>\n<h3 id=\"gdpr-sharing\">Qui\u00e9n m\u00e1s puede acceder a tus datos personales<\/h3>\n<p>No compartimos sus datos personales con extra\u00f1os. En algunos casos, los datos personales sobre usted se proporcionan a nuestros socios de confianza para que sea posible proporcionarle el servicio o para mejorar su experiencia como cliente. Compartimos sus datos con:<\/p>\n<p><strong>Terceros conectados:<\/strong><\/p>\n<ul>\n<li>Google, LLC<\/li>\n<li>Microsoft Corporation<\/li>\n<li>Yelp Ireland Ltd.<\/li>\n<\/ul>\n<p>Solo trabajamos con socios de procesamiento que puedan garantizar un nivel adecuado de protecci\u00f3n para sus datos personales. Revelamos sus datos personales a terceros o funcionarios p\u00fablicos cuando estamos legalmente obligados a hacerlo. Podr\u00edamos divulgar sus Datos personales a terceros si usted ha dado su consentimiento o si existen otros motivos legales para ello.<\/p>\n<h3 id=\"gdpr-security\">C\u00f3mo aseguramos sus datos<\/h3>\n<p>Hacemos nuestro mejor esfuerzo para mantener sus datos personales seguros. Utilizamos protocolos seguros para la comunicaci\u00f3n y la transferencia de datos (como HTTPS). Utilizamos la anonimizaci\u00f3n y la pseudonimizaci\u00f3n cuando sea adecuado. Monitoreamos nuestros sistemas para detectar posibles vulnerabilidades y ataques.<\/p>\n<p>A pesar de que hacemos todo lo posible, no podemos garantizar la seguridad de la informaci\u00f3n. Sin embargo, nos comprometemos a notificar a las autoridades adecuadas de violaciones de datos. Tambi\u00e9n le notificaremos si existe una amenaza para sus derechos o intereses. Haremos todo lo que razonablemente podamos para prevenir violaciones de seguridad y para ayudar a las autoridades en caso de que ocurran violaciones..<\/p>\n<p>Si tiene una cuenta con nosotros, tenga en cuenta que debe mantener en secreto su nombre de usuario y contrase\u00f1a..<\/p>\n<h3>Ni\u00f1os<\/h3>\n<p>No tenemos la intenci\u00f3n de recopilar o recopilar informaci\u00f3n a sabiendas de ni\u00f1os. No nos dirigimos a los ni\u00f1os con nuestros servicios.<\/p>\n<h3 id=\"gdpr-cookies\">Cookies y otras tecnolog\u00edas que utilizamos.<\/h3>\n<p>Utilizamos cookies y \/ o tecnolog\u00edas similares para analizar el comportamiento del cliente, administrar el sitio web, rastrear los movimientos de los usuarios y recopilar informaci\u00f3n sobre los usuarios. Esto se hace para personalizar y mejorar su experiencia con nosotros.<\/p>\n<p>Una cookie es un peque\u00f1o archivo de texto almacenado en su computadora. Las cookies almacenan informaci\u00f3n que se utiliza para ayudar a que los sitios funcionen. Solo nosotros podemos acceder a las cookies creadas por nuestro sitio web. Puedes controlar tus cookies a nivel de navegador. La elecci\u00f3n de deshabilitar las cookies puede dificultar el uso de ciertas funciones.<\/p>\n<p><strong>Utilizamos cookies para los siguientes fines:<\/strong><\/p>\n<ul>\n<li>Cookies necesarias \u2013 estas cookies son necesarias para que pueda utilizar algunas funciones importantes en nuestro sitio web, como iniciar sesi\u00f3n. Estas cookies no recopilan informaci\u00f3n personal.<\/li>\n<li>Cookies de funcionalidad \u2013 estas cookies proporcionan una funcionalidad que hace que el uso de nuestro servicio sea m\u00e1s conveniente y que sea posible ofrecer caracter\u00edsticas m\u00e1s personalizadas. Por ejemplo, podr\u00edan recordar su nombre y correo electr\u00f3nico en los formularios de comentarios para que no tenga que volver a ingresar esta informaci\u00f3n la pr\u00f3xima vez que comente.<\/li>\n<li>Cookies de an\u00e1lisis &#8211; Estas cookies se utilizan para rastrear el uso y el rendimiento de nuestro sitio web y nuestros servicios.<\/li>\n<li>Cookies publicitarias &#8211; estas cookies se utilizan para entregar anuncios que son relevantes para usted y para sus intereses. Adem\u00e1s, se utilizan para limitar el n\u00famero de veces que ve un anuncio. Por lo general, se colocan en el sitio web mediante redes de publicidad con el permiso del operador del sitio web. Estas cookies recuerdan que usted ha visitado un sitio web y esta informaci\u00f3n se comparte con otras organizaciones, como los anunciantes. A menudo, las cookies de segmentaci\u00f3n o publicidad estar\u00e1n vinculadas a la funcionalidad del sitio proporcionada por la otra organizaci\u00f3n.<\/li>\n<\/ul>\n<p>Puede eliminar las cookies almacenadas en su computadora a trav\u00e9s de la configuraci\u00f3n de su navegador. Alternativamente, puede controlar algunas cookies de terceros mediante el uso de una plataforma de mejora de la privacidad, como <a href=\"http:\/\/optout.aboutads.info\/#!\/\" target=\"_blank\" rel=\"noopener\">optout.aboutads.info<\/a> or <a href=\"http:\/\/www.youronlinechoices.com\/\" target=\"_blank\" rel=\"noopener\">youronlinechoices.com<\/a>. Para m\u00e1s informaci\u00f3n sobre las cookies, visite <a href=\"http:\/\/www.allaboutcookies.org\" target=\"_blank\" rel=\"noopener\">allaboutcookies.org<\/a>.<\/p>\n<p>Utilizamos Google Analytics para medir el tr\u00e1fico en nuestro sitio web. Google tiene su propia Pol\u00edtica de Privacidad que puedes revisar <a href=\"https:\/\/support.google.com\/analytics\/answer\/6004245\" target=\"_blank\" rel=\"noopener\">here<\/a>. Si desea optar por el seguimiento de Google Analytics, visite el <a href=\"https:\/\/tools.google.com\/dlpage\/gaoptout\" target=\"_blank\" rel=\"noopener\">P\u00e1gina de exclusi\u00f3n de Google Analytics<\/a>.<\/p>\n<h3 id=\"gdpr-contact\">Informaci\u00f3n de contacto<\/h3>\n<p><strong>Preocupaciones con pol\u00edticas de privacidad<\/strong><br \/>\nEscribe un email a booking[at]madeiraquintadapaz.com con el asunto Inquietudes sobre privacidad que se\u00f1ala la URL del sitio web, use el mensaje para explicar sus inquietudes con el mayor detalle posible.<\/p>\n<p><strong id=\"gdpr-dpa\">Autoridad supervisora<\/strong><br \/>\nCNPD<br \/>\ngeral@cnpd.pt<br \/>\n+351 21 392 84 00<\/p>\n<h3 id=\"gdpr-changes\">Resoluci\u00f3n Alternativa de Litigios<\/h3>\n<p>En caso de litigio, el consumidor puede resolver su disputa extrajudicialmente a trav\u00e9s de la Entidad de Resoluci\u00f3n Alternativa: CACCRAM, +351291508349, www.madeira.gov.pt\/cacc. M\u00e1s informaci\u00f3n en el portal del consumidor www.consumidor.pt.<\/p>\n<h3 id=\"gdpr-changes\">Cambios a esta pol\u00edtica de privacidad<\/h3>\n<p>Nos reservamos el derecho de modificar esta Pol\u00edtica de privacidad.<br \/>\nSe realiz\u00f3 la \u00faltima modificaci\u00f3n. 22 Junio, 2022.<\/p>\n","protected":false},"excerpt":{"rendered":"<p>Madeira Quinta da Paz se compromete a salvaguardar su privacidad. Comun\u00edquese con nosotros si tiene alguna pregunta o problema con respecto al uso de sus Datos personales y con gusto lo ayudaremos. Al utilizar este sitio y \/ o nuestros servicios, usted acepta el procesamiento de sus datos personales como se describe en esta Pol\u00edtica &hellip; <a href=\"https:\/\/madeiraquintadapaz.com\/es\/politica-de-privacidad\/\">Continued<\/a><\/p>\n","protected":false},"author":1,"featured_media":0,"parent":0,"menu_order":0,"comment_status":"closed","ping_status":"closed","template":"","meta":{"footnotes":""},"class_list":["post-1168","page","type-page","status-publish","hentry"],"_links":{"self":[{"href":"https:\/\/madeiraquintadapaz.com\/es\/wp-json\/wp\/v2\/pages\/1168","targetHints":{"allow":["GET"]}}],"collection":[{"href":"https:\/\/madeiraquintadapaz.com\/es\/wp-json\/wp\/v2\/pages"}],"about":[{"href":"https:\/\/madeiraquintadapaz.com\/es\/wp-json\/wp\/v2\/types\/page"}],"author":[{"embeddable":true,"href":"https:\/\/madeiraquintadapaz.com\/es\/wp-json\/wp\/v2\/users\/1"}],"replies":[{"embeddable":true,"href":"https:\/\/madeiraquintadapaz.com\/es\/wp-json\/wp\/v2\/comments?post=1168"}],"version-history":[{"count":2,"href":"https:\/\/madeiraquintadapaz.com\/es\/wp-json\/wp\/v2\/pages\/1168\/revisions"}],"predecessor-version":[{"id":1291,"href":"https:\/\/madeiraquintadapaz.com\/es\/wp-json\/wp\/v2\/pages\/1168\/revisions\/1291"}],"wp:attachment":[{"href":"https:\/\/madeiraquintadapaz.com\/es\/wp-json\/wp\/v2\/media?parent=1168"}],"curies":[{"name":"wp","href":"https:\/\/api.w.org\/{rel}","templated":true}]}}