{"id":1171,"date":"2019-02-19T11:56:41","date_gmt":"2019-02-19T11:56:41","guid":{"rendered":"https:\/\/madeiraquintadapaz.com\/?page_id=1171"},"modified":"2019-02-19T11:56:42","modified_gmt":"2019-02-19T11:56:42","slug":"terminos-de-uso","status":"publish","type":"page","link":"https:\/\/madeiraquintadapaz.com\/es\/terminos-de-uso\/","title":{"rendered":"T\u00e9rminos de Uso"},"content":{"rendered":"<h2>Compromiso y aceptaci\u00f3n de t\u00e9rminos.<\/h2>\n<p>Al visitar o utilizar este sitio web, acepta haber le\u00eddo y aceptado cumplir con estos T\u00e9rminos de uso y todos los t\u00e9rminos presentes en nuestra Pol\u00edtica de privacidad.<br \/>\nQuinta da Paz se reserva el derecho de restringir o bloquear el acceso a cualquier usuario que parezca estar infringiendo estos t\u00e9rminos sin previo aviso y a la indemnizaci\u00f3n por da\u00f1os causados por el uso indebido del sitio web.<\/p>\n<p>El uso que hace de este sitio web (incluido el env\u00edo, env\u00edo o publicaci\u00f3n de contenido), lo hace responsable de sus acciones y declara que acepta y cumple con la ley aplicable, y espec\u00edficamente el C\u00f3digo de Derecho de Autor y los Derechos Relacionados, el C\u00f3digo de Propiedad Industrial y la Computadora Ley de delitos.<\/p>\n<h2>Contenido y derechos de autor<\/h2>\n<p>Todo el contenido de este sitio web pertenece a sus autores y cualquier contenido de terceros debidamente referenciados. Si cree que nuestro sitio web utiliza su propio contenido o que infringe alg\u00fan derecho de autor, puede contactarnos utilizando nuestra p\u00e1gina de contacto para corregir esta situaci\u00f3n.<\/p>\n<h2>Alteraci\u00f3n de c\u00f3digo y acceso no autorizado.<\/h2>\n<p>Queda prohibido al usuario crear o introducir cualquier tipo de virus o alteraci\u00f3n en el c\u00f3digo fuente, la apariencia del sitio web, la denegaci\u00f3n de acceso al sobrecargar el servidor o redirigir el tr\u00e1fico a otros sitios no autorizados previamente por la direcci\u00f3n.<\/p>\n<h2>Renuncia<\/h2>\n<p>Quinta da Paz no es responsable de ninguna manera de compensar o responsabilizarse por cualquier da\u00f1o o inconveniente que el usuario reclame como resultado de visitar nuestro sitio web o cualquiera de nuestros enlaces a sitios web externos.<\/p>\n<h2>Cambios de contenido<\/h2>\n<p>Quinta da Paz puede, en cualquier momento, editar, modificar, eliminar o denegar el acceso a cualquier contenido de este sitio web, incluido este documento y otros documentos relevantes, como la pol\u00edtica de privacidad, por lo que se compromete a verificar regularmente el mismo, a actuar siempre de acuerdo. A los t\u00e9rminos de uso, normas y mejores pr\u00e1cticas en los m\u00e1s recientes.<\/p>\n<h2>Resoluci\u00f3n de conflicto alternativa<\/h2>\n<p>En caso de disputa, el consumidor puede resolver su disputa fuera del tribunal a trav\u00e9s de la Entidad de Resoluci\u00f3n Alternativa: CACCRAM, +351291508349, www.srrh.gov-madeira.pt\/cacc. M\u00e1s informaci\u00f3n visite el portal del consumidor: www.consumidor.pt.<\/p>\n","protected":false},"excerpt":{"rendered":"<p>Compromiso y aceptaci\u00f3n de t\u00e9rminos. Al visitar o utilizar este sitio web, acepta haber le\u00eddo y aceptado cumplir con estos T\u00e9rminos de uso y todos los t\u00e9rminos presentes en nuestra Pol\u00edtica de privacidad. Quinta da Paz se reserva el derecho de restringir o bloquear el acceso a cualquier usuario que parezca estar infringiendo estos t\u00e9rminos &hellip; <a href=\"https:\/\/madeiraquintadapaz.com\/es\/terminos-de-uso\/\">Continued<\/a><\/p>\n","protected":false},"author":1,"featured_media":0,"parent":0,"menu_order":0,"comment_status":"closed","ping_status":"closed","template":"","meta":{"footnotes":""},"class_list":["post-1171","page","type-page","status-publish","hentry"],"_links":{"self":[{"href":"https:\/\/madeiraquintadapaz.com\/es\/wp-json\/wp\/v2\/pages\/1171","targetHints":{"allow":["GET"]}}],"collection":[{"href":"https:\/\/madeiraquintadapaz.com\/es\/wp-json\/wp\/v2\/pages"}],"about":[{"href":"https:\/\/madeiraquintadapaz.com\/es\/wp-json\/wp\/v2\/types\/page"}],"author":[{"embeddable":true,"href":"https:\/\/madeiraquintadapaz.com\/es\/wp-json\/wp\/v2\/users\/1"}],"replies":[{"embeddable":true,"href":"https:\/\/madeiraquintadapaz.com\/es\/wp-json\/wp\/v2\/comments?post=1171"}],"version-history":[{"count":1,"href":"https:\/\/madeiraquintadapaz.com\/es\/wp-json\/wp\/v2\/pages\/1171\/revisions"}],"predecessor-version":[{"id":1173,"href":"https:\/\/madeiraquintadapaz.com\/es\/wp-json\/wp\/v2\/pages\/1171\/revisions\/1173"}],"wp:attachment":[{"href":"https:\/\/madeiraquintadapaz.com\/es\/wp-json\/wp\/v2\/media?parent=1171"}],"curies":[{"name":"wp","href":"https:\/\/api.w.org\/{rel}","templated":true}]}}