{"id":195,"date":"2016-10-21T10:50:32","date_gmt":"2016-10-21T10:50:32","guid":{"rendered":"https:\/\/madeiraquintadapaz.com\/\/fr\/?page_id=195"},"modified":"2018-06-05T11:45:50","modified_gmt":"2018-06-05T11:45:50","slug":"conditions-dutilisation","status":"publish","type":"page","link":"https:\/\/madeiraquintadapaz.com\/fr\/conditions-dutilisation\/","title":{"rendered":"Conditions d&rsquo;utilisation"},"content":{"rendered":"<h2>L&rsquo;engagement et l&rsquo;acceptation des termes<\/h2>\n<p>En visitant ou en utilisant ce site, vous acceptez d&rsquo;avoir lu et accept\u00e9 de se conformer \u00e0 ces conditions d&rsquo;utilisation et tous les termes pr\u00e9sents dans notre Politique de confidentialit\u00e9.<\/p>\n<p>Quinta da Paz se r\u00e9serve le droit de restreindre ou bloquer l&rsquo;acc\u00e8s \u00e0 tout utilisateur qui semble enfreindre ces termes sans pr\u00e9avis et \u00e0 la r\u00e9paration des dommages caus\u00e9s par une mauvaise utilisation du site.<\/p>\n<p>L&rsquo;utilisation que vous faites de ce site (y compris la soumission, la soumission ou la publication de contenu), vous rend responsable de vos actions et d\u00e9clare que vous acceptez et respectez les lois applicables, et en particulier le code et correspondantes Copyright Droits, Code de la propri\u00e9t\u00e9 industrielle et l&rsquo;ordinateur crime Act.<\/p>\n<h2>Contenu et droits d&rsquo;auteur<\/h2>\n<p>Tout le contenu de ce site appartiennent \u00e0 leurs auteurs, et tout contenu de tiers d\u00fbment r\u00e9f\u00e9renc\u00e9e. Si vous pensez que notre site web est d&rsquo;utiliser le contenu de son propre chef ou qui porte atteinte \u00e0 un droit d&rsquo;auteur peut nous contacter via notre page de contact, afin de corriger cette situation.<\/p>\n<h2>La modification du code et l&rsquo;acc\u00e8s non autoris\u00e9<\/h2>\n<p>Il est interdit \u00e0 l&rsquo;utilisateur de cr\u00e9er ou d&rsquo;introduire tout type de virus ou modification du code source, site apparence, le refus d&rsquo;acc\u00e8s par une surcharge du serveur ou rediriger le trafic vers d&rsquo;autres sites non pr\u00e9alablement autoris\u00e9s par la direction du restaurant.<\/p>\n<h2>Avertissement<\/h2>\n<p>Quinta da Paz est pas responsable en aucune fa\u00e7on de compenser ou de prendre la responsabilit\u00e9 pour tout dommage ou inconv\u00e9nient que l&rsquo;utilisateur pr\u00e9tend avoir \u00e0 la suite de notre site Web ou l&rsquo;un de nos liens vers des sites externes.<\/p>\n<h2>Changements de contenu<\/h2>\n<p>Quinta da Paz peut \u00e0 tout moment, \u00e9diter, modifier, supprimer ou refuser l&rsquo;acc\u00e8s \u00e0 tout contenu de ce site Web, y compris le pr\u00e9sent document et d&rsquo;autres documents pertinents, tels que la politique de confidentialit\u00e9, de sorte que s&rsquo;engage \u00e0 v\u00e9rifier r\u00e9guli\u00e8rement m\u00eame, d&rsquo;agir toujours selon aux conditions d&rsquo;utilisation, les r\u00e8gles et les meilleures pratiques dans la plus r\u00e9cente.<\/p>\n<h2>R\u00e8glement extrajudiciaire des diff\u00e9rends<\/h2>\n<p>En cas de litige, le consommateur peut r\u00e9gler son litige \u00e0 l&rsquo;amiable par l&rsquo;interm\u00e9diaire de l&rsquo;Entit\u00e9 alternative de r\u00e8glement: CACCRAM, +351291508349, www.srrh.gov-madeira.pt\/cacc. Plus d&rsquo;informations visitez le portail des consommateurs www.consumidor.pt.<\/p>\n","protected":false},"excerpt":{"rendered":"<p>L&rsquo;engagement et l&rsquo;acceptation des termes En visitant ou en utilisant ce site, vous acceptez d&rsquo;avoir lu et accept\u00e9 de se conformer \u00e0 ces conditions d&rsquo;utilisation et tous les termes pr\u00e9sents dans notre Politique de confidentialit\u00e9. Quinta da Paz se r\u00e9serve le droit de restreindre ou bloquer l&rsquo;acc\u00e8s \u00e0 tout utilisateur qui semble enfreindre ces termes &hellip; <a href=\"https:\/\/madeiraquintadapaz.com\/fr\/conditions-dutilisation\/\">Continued<\/a><\/p>\n","protected":false},"author":1,"featured_media":0,"parent":0,"menu_order":0,"comment_status":"closed","ping_status":"closed","template":"","meta":{"footnotes":""},"class_list":["post-195","page","type-page","status-publish","hentry"],"_links":{"self":[{"href":"https:\/\/madeiraquintadapaz.com\/fr\/wp-json\/wp\/v2\/pages\/195","targetHints":{"allow":["GET"]}}],"collection":[{"href":"https:\/\/madeiraquintadapaz.com\/fr\/wp-json\/wp\/v2\/pages"}],"about":[{"href":"https:\/\/madeiraquintadapaz.com\/fr\/wp-json\/wp\/v2\/types\/page"}],"author":[{"embeddable":true,"href":"https:\/\/madeiraquintadapaz.com\/fr\/wp-json\/wp\/v2\/users\/1"}],"replies":[{"embeddable":true,"href":"https:\/\/madeiraquintadapaz.com\/fr\/wp-json\/wp\/v2\/comments?post=195"}],"version-history":[{"count":4,"href":"https:\/\/madeiraquintadapaz.com\/fr\/wp-json\/wp\/v2\/pages\/195\/revisions"}],"predecessor-version":[{"id":607,"href":"https:\/\/madeiraquintadapaz.com\/fr\/wp-json\/wp\/v2\/pages\/195\/revisions\/607"}],"wp:attachment":[{"href":"https:\/\/madeiraquintadapaz.com\/fr\/wp-json\/wp\/v2\/media?parent=195"}],"curies":[{"name":"wp","href":"https:\/\/api.w.org\/{rel}","templated":true}]}}