{"id":246,"date":"2016-07-12T16:09:05","date_gmt":"2016-07-12T16:09:05","guid":{"rendered":"https:\/\/madeiraquintadapaz.com\/\/fr\/about\/"},"modified":"2017-02-24T15:20:45","modified_gmt":"2017-02-24T15:20:45","slug":"sur-quinta-da-paz-madeira","status":"publish","type":"page","link":"https:\/\/madeiraquintadapaz.com\/fr\/sur-quinta-da-paz-madeira\/","title":{"rendered":"\u00c0 propos de nous"},"content":{"rendered":"<h2>Histoire<\/h2>\n<p>Quinta Da Paz est un bien familial qui a \u00e9t\u00e9 r\u00e9cemment restaur\u00e9 tout en conservant son \u00e2me d\u2019origine. Quinta Da Paz a \u00e9t\u00e9 construite avec des mat\u00e9riaux nobles, marbre(s) et vitraux, boiseries complexes, carreaux en pierre de lave qui refl\u00e8tent et illustrent la culture locale et les traditions anciennes laiss\u00e9es par le passage des colons.<\/p>\n<p>Situ\u00e9 au c\u0153ur de Cani\u00e7o, le domaine b\u00e9n\u00e9ficie d\u2019un cadre luxuriant et d\u2019une vue sur la mer o\u00f9 par temps d\u00e9gag\u00e9 vous d\u00e9couvrirez au large les ilhas desertas. Il y a \u00e9galement une magnifique piscine o\u00f9 petits et grands trouveront plaisir \u00e0 s\u2019y rafra\u00eechir.<\/p>\n<p>Mad\u00e8re jouit d\u2019un climat subtropical doux tout au long de l\u2019ann\u00e9e. Vous y d\u00e9couvrirez l\u2019abondance des fleurs qui sont prot\u00e9g\u00e9es et qui longent les routes ainsi que la v\u00e9g\u00e9tation luxuriante. Mad\u00e8re est une \u00eele volcanique au milieu de la mer qui enchantera les amateurs de plong\u00e9e ou de snorkling. Une cha\u00eene de montagnes traverse l\u2019\u00eele de Mad\u00e8re culminant \u00e0 1861 m\u00e8tres avec la Pico de Ruivo.<\/p>\n<p>Laissez-nous maintenant si vous avez besoin de nous pour vous aider \u00e0 louer une voiture.<\/p>\n<p>Pour les amateurs de randonn\u00e9es, les mille et une l\u00e9vadas vous enchanteront. Quinta Da Paz est id\u00e9alement situ\u00e9 entre l\u2019a\u00e9roport de Mad\u00e8re et la capitale Funchal et \u00e0 800 m\u00e8tres de la plage\/mer.<\/p>\n<p>&nbsp;<\/p>\n<h2>R\u00e9servez notre service de navette<\/h2>\n<p>Contactez-nous pour demander un transport \u00e0 Quinta da Paz.<\/p>\n<p>&nbsp;<\/p>\n<h2>Planifiez votre voyage<\/h2>\n<p>Nous vous conseillons de louer un v\u00e9hicule afin de circuler sur l\u2019\u00eele. Voici les coordonn\u00e9es \u00e0<br \/>\nenregistrer dans votre application GPS: 32\u00b038\u201958.5\u2033N 16\u00b050\u201912.8\u2033W<\/p>\n<p>Vous retrouverez d\u2019autres informations utiles sur le lien suivant\u00a0<a href=\"https:\/\/www.aeroportomadeira.pt\" target=\"_blank\">www.aeroportomadeira.pt<\/a><\/p>\n<p>&nbsp;<\/p>\n<h2>A PROXIMITE<\/h2>\n<p>Vous retrouverez \u00e0 proximit\u00e9 de la Quinta Da Paz toutes les commodit\u00e9s \u00e0 savoir une banque, la Poste, un centre de sant\u00e9 et de nombreux commerces et restaurants, pastelaria et un centre commercial Cani\u00e7o Shopping.<\/p>\n<p>&nbsp;<\/p>\n<h2>Photos<\/h2>\n<div id=\"metaslider-id-514\" style=\"width: 100%;\" class=\"ml-slider-3-108-0 metaslider metaslider-flex metaslider-514 ml-slider ml-slider-lightbox-2-22-0 firelight-lightbox-2-3-19 ms-theme-default nav-hidden\" role=\"region\" aria-label=\"About\" data-height=\"912\" data-width=\"1520\">\n    <div id=\"metaslider_container_514\">\n        <div id=\"metaslider_514\">\n            <ul class='slides'>\n                <li style=\"display: block; width: 100%;\" class=\"slide-1813 ms-image \" aria-roledescription=\"slide\" data-date=\"2022-06-23 10:21:49\" data-filename=\"SOU_2277-1520x912.jpg\" data-slide-type=\"image\"><img loading=\"lazy\" decoding=\"async\" src=\"https:\/\/madeiraquintadapaz.com\/wp-content\/uploads\/2022\/06\/SOU_2277-1520x912.jpg\" height=\"912\" width=\"1520\" alt=\"Quinta da Paz Madeira Hotel\" class=\"slider-514 slide-1813 msDefaultImage ml-lightbox-enabled\" title=\"SOU_2277\" \/><\/li>\n                <li style=\"display: none; width: 100%;\" class=\"slide-1817 ms-image \" aria-roledescription=\"slide\" data-date=\"2022-06-23 10:22:42\" data-filename=\"SOU_2298-1520x912.jpg\" data-slide-type=\"image\"><img loading=\"lazy\" decoding=\"async\" src=\"https:\/\/madeiraquintadapaz.com\/wp-content\/uploads\/2022\/06\/SOU_2298-1520x912.jpg\" height=\"912\" width=\"1520\" alt=\"Quinta da Paz Madeira Hotel\" class=\"slider-514 slide-1817 msDefaultImage ml-lightbox-enabled\" title=\"SOU_2298\" \/><\/li>\n                <li style=\"display: none; width: 100%;\" class=\"slide-1812 ms-image \" aria-roledescription=\"slide\" data-date=\"2022-06-23 10:21:28\" data-filename=\"SOU_2211-1520x912.jpg\" data-slide-type=\"image\"><img loading=\"lazy\" decoding=\"async\" src=\"https:\/\/madeiraquintadapaz.com\/wp-content\/uploads\/2022\/06\/SOU_2211-1520x912.jpg\" height=\"912\" width=\"1520\" alt=\"Quinta da Paz Madeira Hotel\" class=\"slider-514 slide-1812 msDefaultImage ml-lightbox-enabled\" title=\"SOU_2211\" \/><\/li>\n                <li style=\"display: none; width: 100%;\" class=\"slide-214 ms-image \" aria-roledescription=\"slide\" data-date=\"2016-10-21 11:05:01\" data-filename=\"229-1345x806.jpg\" data-slide-type=\"image\"><img loading=\"lazy\" decoding=\"async\" src=\"https:\/\/madeiraquintadapaz.com\/wp-content\/uploads\/2016\/10\/229-1345x806.jpg\" height=\"912\" width=\"1520\" alt=\"Madeira Quinta da Paz\" class=\"slider-514 slide-214 msDefaultImage ml-lightbox-enabled\" \/><\/li>\n                <li style=\"display: none; width: 100%;\" class=\"slide-219 ms-image \" aria-roledescription=\"slide\" data-date=\"2016-10-21 11:05:21\" data-filename=\"247-1345x806.jpg\" data-slide-type=\"image\"><img loading=\"lazy\" decoding=\"async\" src=\"https:\/\/madeiraquintadapaz.com\/wp-content\/uploads\/2016\/10\/247-1345x806.jpg\" height=\"912\" width=\"1520\" alt=\"Poll Quinta da Paz\" class=\"slider-514 slide-219 msDefaultImage ml-lightbox-enabled\" \/><\/li>\n                <li style=\"display: none; width: 100%;\" class=\"slide-222 ms-image \" aria-roledescription=\"slide\" data-date=\"2016-10-21 11:05:33\" data-filename=\"276-1431x858.jpg\" data-slide-type=\"image\"><img loading=\"lazy\" decoding=\"async\" src=\"https:\/\/madeiraquintadapaz.com\/wp-content\/uploads\/2016\/10\/276-1431x858.jpg\" height=\"912\" width=\"1520\" alt=\"Madeira Quinta\" class=\"slider-514 slide-222 msDefaultImage ml-lightbox-enabled\" \/><\/li>\n                <li style=\"display: none; width: 100%;\" class=\"slide-213 ms-image \" aria-roledescription=\"slide\" data-date=\"2016-10-21 11:04:57\" data-filename=\"225-1345x806.jpg\" data-slide-type=\"image\"><img loading=\"lazy\" decoding=\"async\" src=\"https:\/\/madeiraquintadapaz.com\/wp-content\/uploads\/2016\/10\/225-1345x806.jpg\" height=\"912\" width=\"1520\" alt=\"Madeira Quinta\" class=\"slider-514 slide-213 msDefaultImage ml-lightbox-enabled\" \/><\/li>\n                <li style=\"display: none; width: 100%;\" class=\"slide-212 ms-image \" aria-roledescription=\"slide\" data-date=\"2016-10-21 11:04:51\" data-filename=\"221-1345x806.jpg\" data-slide-type=\"image\"><img loading=\"lazy\" decoding=\"async\" src=\"https:\/\/madeiraquintadapaz.com\/wp-content\/uploads\/2016\/10\/221-1345x806.jpg\" height=\"912\" width=\"1520\" alt=\"Madeira Quinta\" class=\"slider-514 slide-212 msDefaultImage ml-lightbox-enabled\" \/><\/li>\n                <li style=\"display: none; width: 100%;\" class=\"slide-224 ms-image \" aria-roledescription=\"slide\" data-date=\"2016-10-21 11:05:39\" data-filename=\"IMG_2833-1520x912.jpg\" data-slide-type=\"image\"><img loading=\"lazy\" decoding=\"async\" src=\"https:\/\/madeiraquintadapaz.com\/wp-content\/uploads\/2016\/10\/IMG_2833-1520x912.jpg\" height=\"912\" width=\"1520\" alt=\"Luxury House Madeira\" class=\"slider-514 slide-224 msDefaultImage ml-lightbox-enabled\" \/><\/li>\n                <li style=\"display: none; width: 100%;\" class=\"slide-216 ms-image \" aria-roledescription=\"slide\" data-date=\"2016-10-21 11:05:08\" data-filename=\"234-1345x806.jpg\" data-slide-type=\"image\"><img loading=\"lazy\" decoding=\"async\" src=\"https:\/\/madeiraquintadapaz.com\/wp-content\/uploads\/2016\/10\/234-1345x806.jpg\" height=\"912\" width=\"1520\" alt=\"Madeira Quintas\" class=\"slider-514 slide-216 msDefaultImage ml-lightbox-enabled\" \/><\/li>\n                <li style=\"display: none; width: 100%;\" class=\"slide-223 ms-image \" aria-roledescription=\"slide\" data-date=\"2016-10-21 11:05:36\" data-filename=\"IMG_2830-1520x912.jpg\" data-slide-type=\"image\"><img loading=\"lazy\" decoding=\"async\" src=\"https:\/\/madeiraquintadapaz.com\/wp-content\/uploads\/2016\/10\/IMG_2830-1520x912.jpg\" height=\"912\" width=\"1520\" alt=\"Madeira Quinta da Paz\" class=\"slider-514 slide-223 msDefaultImage ml-lightbox-enabled\" \/><\/li>\n                <li style=\"display: none; width: 100%;\" class=\"slide-1814 ms-image \" aria-roledescription=\"slide\" data-date=\"2022-06-23 10:22:09\" data-filename=\"SOU_2278-1520x912.jpg\" data-slide-type=\"image\"><img loading=\"lazy\" decoding=\"async\" src=\"https:\/\/madeiraquintadapaz.com\/wp-content\/uploads\/2022\/06\/SOU_2278-1520x912.jpg\" height=\"912\" width=\"1520\" alt=\"Quinta da Paz Madeira Hotel\" class=\"slider-514 slide-1814 msDefaultImage ml-lightbox-enabled\" title=\"SOU_2278\" \/><\/li>\n                <li style=\"display: none; width: 100%;\" class=\"slide-1815 ms-image \" aria-roledescription=\"slide\" data-date=\"2022-06-23 10:22:20\" data-filename=\"SOU_2282-1520x912.jpg\" data-slide-type=\"image\"><img loading=\"lazy\" decoding=\"async\" src=\"https:\/\/madeiraquintadapaz.com\/wp-content\/uploads\/2022\/06\/SOU_2282-1520x912.jpg\" height=\"912\" width=\"1520\" alt=\"Quinta da Paz Madeira Hotel\" class=\"slider-514 slide-1815 msDefaultImage ml-lightbox-enabled\" title=\"SOU_2282\" \/><\/li>\n                <li style=\"display: none; width: 100%;\" class=\"slide-1816 ms-image \" aria-roledescription=\"slide\" data-date=\"2022-06-23 10:22:30\" data-filename=\"SOU_2293-1520x912.jpg\" data-slide-type=\"image\"><img loading=\"lazy\" decoding=\"async\" src=\"https:\/\/madeiraquintadapaz.com\/wp-content\/uploads\/2022\/06\/SOU_2293-1520x912.jpg\" height=\"912\" width=\"1520\" alt=\"Quinta da Paz Madeira Hotel\" class=\"slider-514 slide-1816 msDefaultImage ml-lightbox-enabled\" title=\"SOU_2293\" \/><\/li>\n                <li style=\"display: none; width: 100%;\" class=\"slide-1818 ms-image \" aria-roledescription=\"slide\" data-date=\"2022-06-23 10:23:08\" data-filename=\"SOU_2309-1520x912.jpg\" data-slide-type=\"image\"><img loading=\"lazy\" decoding=\"async\" src=\"https:\/\/madeiraquintadapaz.com\/wp-content\/uploads\/2022\/06\/SOU_2309-1520x912.jpg\" height=\"912\" width=\"1520\" alt=\"Quinta da Paz Madeira Hotel\" class=\"slider-514 slide-1818 msDefaultImage ml-lightbox-enabled\" title=\"SOU_2309\" \/><\/li>\n                <li style=\"display: none; width: 100%;\" class=\"slide-1819 ms-image \" aria-roledescription=\"slide\" data-date=\"2022-06-23 10:23:34\" data-filename=\"SOU_2310-1520x912.jpg\" data-slide-type=\"image\"><img loading=\"lazy\" decoding=\"async\" src=\"https:\/\/madeiraquintadapaz.com\/wp-content\/uploads\/2022\/06\/SOU_2310-1520x912.jpg\" height=\"912\" width=\"1520\" alt=\"Quinta da Paz Madeira Hotel\" class=\"slider-514 slide-1819 msDefaultImage ml-lightbox-enabled\" title=\"SOU_2310\" \/><\/li>\n                <li style=\"display: none; width: 100%;\" class=\"slide-1820 ms-image \" aria-roledescription=\"slide\" data-date=\"2022-06-23 10:23:46\" data-filename=\"SOU_2325-1520x912.jpg\" data-slide-type=\"image\"><img loading=\"lazy\" decoding=\"async\" src=\"https:\/\/madeiraquintadapaz.com\/wp-content\/uploads\/2022\/06\/SOU_2325-1520x912.jpg\" height=\"912\" width=\"1520\" alt=\"Quinta da Paz Madeira Hotel\" class=\"slider-514 slide-1820 msDefaultImage ml-lightbox-enabled\" title=\"SOU_2325\" \/><\/li>\n                <li style=\"display: none; width: 100%;\" class=\"slide-1821 ms-image \" aria-roledescription=\"slide\" data-date=\"2022-06-23 10:23:58\" data-filename=\"SOU_2338-1520x912.jpg\" data-slide-type=\"image\"><img loading=\"lazy\" decoding=\"async\" src=\"https:\/\/madeiraquintadapaz.com\/wp-content\/uploads\/2022\/06\/SOU_2338-1520x912.jpg\" height=\"912\" width=\"1520\" alt=\"Quinta da Paz Madeira Hotel\" class=\"slider-514 slide-1821 msDefaultImage ml-lightbox-enabled\" title=\"SOU_2338\" \/><\/li>\n                <li style=\"display: none; width: 100%;\" class=\"slide-1822 ms-image \" aria-roledescription=\"slide\" data-date=\"2022-06-23 10:24:12\" data-filename=\"SOU_2339-1520x912.jpg\" data-slide-type=\"image\"><img loading=\"lazy\" decoding=\"async\" src=\"https:\/\/madeiraquintadapaz.com\/wp-content\/uploads\/2022\/06\/SOU_2339-1520x912.jpg\" height=\"912\" width=\"1520\" alt=\"Quinta da Paz Madeira Hotel\" class=\"slider-514 slide-1822 msDefaultImage ml-lightbox-enabled\" title=\"SOU_2339\" \/><\/li>\n                <li style=\"display: none; width: 100%;\" class=\"slide-1823 ms-image \" aria-roledescription=\"slide\" data-date=\"2022-06-23 10:24:23\" data-filename=\"SOU_2342-1520x912.jpg\" data-slide-type=\"image\"><img loading=\"lazy\" decoding=\"async\" src=\"https:\/\/madeiraquintadapaz.com\/wp-content\/uploads\/2022\/06\/SOU_2342-1520x912.jpg\" height=\"912\" width=\"1520\" alt=\"Quinta da Paz Madeira Hotel\" class=\"slider-514 slide-1823 msDefaultImage ml-lightbox-enabled\" title=\"SOU_2342\" \/><\/li>\n                <li style=\"display: none; width: 100%;\" class=\"slide-1824 ms-image \" aria-roledescription=\"slide\" data-date=\"2022-06-23 10:24:38\" data-filename=\"SOU_2348-1520x912.jpg\" data-slide-type=\"image\"><img loading=\"lazy\" decoding=\"async\" src=\"https:\/\/madeiraquintadapaz.com\/wp-content\/uploads\/2022\/06\/SOU_2348-1520x912.jpg\" height=\"912\" width=\"1520\" alt=\"Quinta da Paz Madeira Hotel\" class=\"slider-514 slide-1824 msDefaultImage ml-lightbox-enabled\" title=\"SOU_2348\" \/><\/li>\n                <li style=\"display: none; width: 100%;\" class=\"slide-1825 ms-image \" aria-roledescription=\"slide\" data-date=\"2022-06-23 10:24:49\" data-filename=\"SOU_2349-1520x912.jpg\" data-slide-type=\"image\"><img loading=\"lazy\" decoding=\"async\" src=\"https:\/\/madeiraquintadapaz.com\/wp-content\/uploads\/2022\/06\/SOU_2349-1520x912.jpg\" height=\"912\" width=\"1520\" alt=\"Quinta da Paz Madeira Hotel\" class=\"slider-514 slide-1825 msDefaultImage ml-lightbox-enabled\" title=\"SOU_2349\" \/><\/li>\n            <\/ul>\n        <\/div>\n        \n    <\/div>\n<\/div>\n","protected":false},"excerpt":{"rendered":"<p>Histoire Quinta Da Paz est un bien familial qui a \u00e9t\u00e9 r\u00e9cemment restaur\u00e9 tout en conservant son \u00e2me d\u2019origine. Quinta Da Paz a \u00e9t\u00e9 construite avec des mat\u00e9riaux nobles, marbre(s) et vitraux, boiseries complexes, carreaux en pierre de lave qui refl\u00e8tent et illustrent la culture locale et les traditions anciennes laiss\u00e9es par le passage des &hellip; <a href=\"https:\/\/madeiraquintadapaz.com\/fr\/sur-quinta-da-paz-madeira\/\">Continued<\/a><\/p>\n","protected":false},"author":1,"featured_media":206,"parent":0,"menu_order":0,"comment_status":"closed","ping_status":"closed","template":"","meta":{"footnotes":""},"class_list":["post-246","page","type-page","status-publish","has-post-thumbnail","hentry"],"_links":{"self":[{"href":"https:\/\/madeiraquintadapaz.com\/fr\/wp-json\/wp\/v2\/pages\/246","targetHints":{"allow":["GET"]}}],"collection":[{"href":"https:\/\/madeiraquintadapaz.com\/fr\/wp-json\/wp\/v2\/pages"}],"about":[{"href":"https:\/\/madeiraquintadapaz.com\/fr\/wp-json\/wp\/v2\/types\/page"}],"author":[{"embeddable":true,"href":"https:\/\/madeiraquintadapaz.com\/fr\/wp-json\/wp\/v2\/users\/1"}],"replies":[{"embeddable":true,"href":"https:\/\/madeiraquintadapaz.com\/fr\/wp-json\/wp\/v2\/comments?post=246"}],"version-history":[{"count":11,"href":"https:\/\/madeiraquintadapaz.com\/fr\/wp-json\/wp\/v2\/pages\/246\/revisions"}],"predecessor-version":[{"id":579,"href":"https:\/\/madeiraquintadapaz.com\/fr\/wp-json\/wp\/v2\/pages\/246\/revisions\/579"}],"wp:featuredmedia":[{"embeddable":true,"href":"https:\/\/madeiraquintadapaz.com\/fr\/wp-json\/wp\/v2\/media\/206"}],"wp:attachment":[{"href":"https:\/\/madeiraquintadapaz.com\/fr\/wp-json\/wp\/v2\/media?parent=246"}],"curies":[{"name":"wp","href":"https:\/\/api.w.org\/{rel}","templated":true}]}}