{"id":189,"date":"2016-10-21T10:39:30","date_gmt":"2016-10-21T10:39:30","guid":{"rendered":"https:\/\/madeiraquintadapaz.com\/\/pt-pt\/?page_id=189"},"modified":"2018-06-05T11:46:45","modified_gmt":"2018-06-05T11:46:45","slug":"termos-de-utilizacao","status":"publish","type":"page","link":"https:\/\/madeiraquintadapaz.com\/pt-pt\/termos-de-utilizacao\/","title":{"rendered":"Termos de Utiliza\u00e7\u00e3o"},"content":{"rendered":"<h2>Compromisso e aceita\u00e7\u00e3o dos termos<\/h2>\n<p>Ao visitar ou utilizar de outra forma este website, o utilizador declara ter lido e aceitado\u00a0cumprir os presentes Termos de Utiliza\u00e7\u00e3o, bem como todos os termos presentes na nossa Pol\u00edtica de Privacidade.<\/p>\n<p>A Quinta da Paz\u00a0reserva-se ao direito de restringir ou bloquear o acesso a qualquer utilizador que aparente estar a infringir estes termos, sem qualquer aviso pr\u00e9vio, bem como a ser indemnizado pelos danos causados pela utiliza\u00e7\u00e3o impr\u00f3pria do website.<\/p>\n<p>Na utiliza\u00e7\u00e3o que fizer deste website (incluindo na submiss\u00e3o, envio ou publica\u00e7\u00e3o de conte\u00fados), o Utilizador est\u00e1 obrigado e declara aceitar e cumprir a legisla\u00e7\u00e3o aplic\u00e1vel, e concretamente o C\u00f3digo do Direito de Autor e dos Direitos Conexos, o C\u00f3digo da Propriedade Industrial e a Lei da Criminalidade Inform\u00e1tica.<\/p>\n<h2>Conte\u00fado e copyright<\/h2>\n<div class=\"h2-decoration\">Todo o conte\u00fado presente neste website pertence aos seus autores, sendo qualquer conte\u00fado proveniente de terceiros devidamente referenciado. Se pensa que o nosso website est\u00e1 a fazer uso de conte\u00fado da sua autoria ou que infringe algum direito de autor pode contactar-nos utilizando a nossa p\u00e1gina de contactos, de forma a corrigir essa situa\u00e7\u00e3o.<\/div>\n<h2>Altera\u00e7\u00e3o do c\u00f3digo e acesso n\u00e3o autorizado<\/h2>\n<div class=\"h2-decoration\">\n<p>\u00c9 expressamente proibido ao utilizador criar ou introduzir qualquer tipo de v\u00edrus ou altera\u00e7\u00e3o ao c\u00f3digo fonte, apar\u00eancia\u00a0do website, nega\u00e7\u00e3o de acesso por sobrecarga do servidor ou redirecionamento de tr\u00e1fego para outros s\u00edtios que n\u00e3o os autorizados previamente pela dire\u00e7\u00e3o do restaurante.<\/p>\n<h2>Isen\u00e7\u00e3o de responsabilidade<\/h2>\n<p>A Quinta da Paz n\u00e3o se compromete de alguma forma a indemnizar ou assumir responsabilidade por qualquer dano ou inconveniente que o utilizador afirme ter como resultado de visitar o nosso website ou alguma das nossas liga\u00e7\u00f5es para websites externos.<\/p>\n<h2>Altera\u00e7\u00e3o de conte\u00fado<\/h2>\n<p>A Quinta da Paz pode a qualquer momento, editar, modificar, remover ou negar o acesso de qualquer conte\u00fado presente neste website, incluindo este documento e outros documentos relevantes, tais como a pol\u00edtica de privacidade, de forma a que se compromete a verificar regularmente os mesmos, de forma a agir sempre de acordo com os termos de utiliza\u00e7\u00e3o, regras e boas pr\u00e1ticas mais recentes em vigor.<\/p>\n<h2>Resolu\u00e7\u00e3o Alternativa de Lit\u00edgios<\/h2>\n<p>Em caso de lit\u00edgio o consumidor pode recorrer a uma Entidade de Resolu\u00e7\u00e3o Alternativa de Lit\u00edgios de consumo: CACCRAM, 291508349, www.srrh.gov-madeira.pt\/cacc. Mais informa\u00e7\u00f5es em Portal do Consumidor www.consumidor.pt.<\/p>\n<\/div>\n","protected":false},"excerpt":{"rendered":"<p>Compromisso e aceita\u00e7\u00e3o dos termos Ao visitar ou utilizar de outra forma este website, o utilizador declara ter lido e aceitado\u00a0cumprir os presentes Termos de Utiliza\u00e7\u00e3o, bem como todos os termos presentes na nossa Pol\u00edtica de Privacidade. A Quinta da Paz\u00a0reserva-se ao direito de restringir ou bloquear o acesso a qualquer utilizador que aparente estar &hellip; <a href=\"https:\/\/madeiraquintadapaz.com\/pt-pt\/termos-de-utilizacao\/\">Continued<\/a><\/p>\n","protected":false},"author":1,"featured_media":0,"parent":0,"menu_order":0,"comment_status":"closed","ping_status":"closed","template":"","meta":{"footnotes":""},"class_list":["post-189","page","type-page","status-publish","hentry"],"_links":{"self":[{"href":"https:\/\/madeiraquintadapaz.com\/pt-pt\/wp-json\/wp\/v2\/pages\/189","targetHints":{"allow":["GET"]}}],"collection":[{"href":"https:\/\/madeiraquintadapaz.com\/pt-pt\/wp-json\/wp\/v2\/pages"}],"about":[{"href":"https:\/\/madeiraquintadapaz.com\/pt-pt\/wp-json\/wp\/v2\/types\/page"}],"author":[{"embeddable":true,"href":"https:\/\/madeiraquintadapaz.com\/pt-pt\/wp-json\/wp\/v2\/users\/1"}],"replies":[{"embeddable":true,"href":"https:\/\/madeiraquintadapaz.com\/pt-pt\/wp-json\/wp\/v2\/comments?post=189"}],"version-history":[{"count":3,"href":"https:\/\/madeiraquintadapaz.com\/pt-pt\/wp-json\/wp\/v2\/pages\/189\/revisions"}],"predecessor-version":[{"id":610,"href":"https:\/\/madeiraquintadapaz.com\/pt-pt\/wp-json\/wp\/v2\/pages\/189\/revisions\/610"}],"wp:attachment":[{"href":"https:\/\/madeiraquintadapaz.com\/pt-pt\/wp-json\/wp\/v2\/media?parent=189"}],"curies":[{"name":"wp","href":"https:\/\/api.w.org\/{rel}","templated":true}]}}