{"id":227,"date":"2016-10-21T11:11:29","date_gmt":"2016-10-21T11:11:29","guid":{"rendered":"https:\/\/madeiraquintadapaz.com\/\/pt-pt\/?page_id=227"},"modified":"2022-06-22T16:02:27","modified_gmt":"2022-06-22T16:02:27","slug":"politica-de-privacidade","status":"publish","type":"page","link":"https:\/\/madeiraquintadapaz.com\/pt-pt\/politica-de-privacidade\/","title":{"rendered":"Pol\u00edtica de Privacidade"},"content":{"rendered":"<p>O Madeira Quinta da Paz est\u00e1 empenhado em salvaguardar a sua privacidade. Entre em contacto connosco se tiver d\u00favidas ou problemas em rela\u00e7\u00e3o ao uso dos seus dados pessoais e teremos todo o prazer em ajud\u00e1-lo.<\/p>\n<p>Ao utilizar este site e\/ou nossos servi\u00e7os, concorda com o processamento dos seus dados pessoais, conforme descrito nesta Pol\u00edtica de Privacidade.<\/p>\n<h3>\u00cdndice<\/h3>\n<ol>\n<li><a href=\"#gdpr-definitions\">Defini\u00e7\u00f5es usadas nesta pol\u00edtica<\/a><\/li>\n<li><a href=\"#gdpr-principles\">Princ\u00edpios de prote\u00e7\u00e3o de dados que seguimos<\/a><\/li>\n<li><a href=\"#gdpr-rights\">Quais os direitos que tem em rela\u00e7\u00e3o aos seus dados pessoais?<\/a><\/li>\n<li><a href=\"#gdpr-information\">Quais os dados pessoais que n\u00f3s recolhemos sobre si<\/a><\/li>\n<li><a href=\"#gdpr-processing\">Como usamos os seus dados pessoais<\/a><\/li>\n<li><a href=\"#gdpr-sharing\">Quem mais tem acesso aos seus dados pessoais<\/a><\/li>\n<li><a href=\"#gdpr-security\">Como protegemos os seus dados<\/a><\/li>\n<li><a href=\"#gdpr-cookies\">Informa\u00e7\u00f5es sobre cookies<\/a><\/li>\n<li><a href=\"#gdpr-contact\">Informa\u00e7\u00f5es de contacto<\/a><\/li>\n<\/ol>\n<h3 id=\"gdpr-definitions\">Defini\u00e7\u00f5es usadas nesta pol\u00edtica<\/h3>\n<p><strong>Dados Pessoais<\/strong> &#8211; qualquer informa\u00e7\u00e3o relativa a uma pessoa singular identificada ou identific\u00e1vel.<br \/>\n<strong>Processamento<\/strong> &#8211; qualquer opera\u00e7\u00e3o ou conjunto de opera\u00e7\u00f5es realizadas em Dados Pessoais ou em conjuntos de Dados Pessoais.<br \/>\n<strong>Sujeito dos Dados<\/strong> &#8211; uma pessoa natural cujos dados pessoais est\u00e3o sendo processados.<br \/>\n<strong>Crian\u00e7a<\/strong> &#8211; uma pessoa natural com menos de 16 anos de idade.<br \/>\n<strong>N\u00f3s<\/strong> \u2013 Madeira Quinta da Paz<\/p>\n<h3 id=\"gdpr-principles\">Princ\u00edpios de prote\u00e7\u00e3o de dados que seguimos<\/h3>\n<p>Prometemos seguir os seguintes princ\u00edpios de prote\u00e7\u00e3o de dados:<\/p>\n<ul>\n<li>O processamento \u00e9 legal, justo e transparente. As nossas atividades de processamento t\u00eam motivos legais. N\u00f3s consideramos sempre os seus direitos antes de processar dados pessoais. Forneceremos informa\u00e7\u00f5es sobre o processamento mediante solicita\u00e7\u00e3o.<\/li>\n<li>O processamento \u00e9 limitado ao prop\u00f3sito. Nossas atividades de Processamento ajustam-se ao prop\u00f3sito para o qual os Dados Pessoais foram recolhidos.<\/li>\n<li>O processamento \u00e9 feito com dados m\u00ednimos. Apenas recolhemos e processamos a quantidade m\u00ednima de dados pessoais necess\u00e1rios para qualquer finalidade.<\/li>\n<li>O processamento \u00e9 limitado por um per\u00edodo de tempo. N\u00e3o armazenamos seus dados pessoais por mais tempo do que o necess\u00e1rio.<\/li>\n<li>Faremos o nosso melhor para garantir a precis\u00e3o dos dados.<\/li>\n<li>Faremos o nosso melhor para garantir a integridade e a confidencialidade dos dados.<\/li>\n<\/ul>\n<h3 id=\"gdpr-rights\">Direitos dos Titulares dos Dados<\/h3>\n<p>O titular dos dados possui os seguintes direitos:<\/p>\n<ol>\n<li>Direito \u00e0 informa\u00e7\u00e3o &#8211; significa que tem o direito de saber se os seus Dados Pessoais est\u00e3o sendo processados; quais dados s\u00e3o recolhidos, de onde s\u00e3o obtidos, porqu\u00ea e por quem s\u00e3o processados.<\/li>\n<li>Direito de acesso &#8211; o que significa que tem o direito de aceder os dados recolhidos de\/sobre si. Isso inclui o seu direito de solicitar e obter uma c\u00f3pia dos seus dados pessoais recolhidos.<\/li>\n<li>Direito de rectifica\u00e7\u00e3o &#8211; o que significa que tem o direito de solicitar a rectifica\u00e7\u00e3o ou elimina\u00e7\u00e3o dos seus Dados Pessoais que sejam imprecisos ou incompletos.<\/li>\n<li>Direito de apagar &#8211; o que significa que, em certas circunst\u00e2ncias, pode solicitar que os seus dados pessoais sejam eliminados dos nossos registos.<\/li>\n<li>Direito de restringir o processamento &#8211; ou seja, quando certas condi\u00e7\u00f5es se aplicam, tem o direito de restringir o processamento dos seus dados pessoais.<\/li>\n<li>Direito de se opor ao processamento &#8211; o que significa que, em certos casos, tem o direito de se opor ao processamento dos seus dados pessoais, por exemplo, no caso de marketing direto.<\/li>\n<li>Direito de se opor ao Processamento automatizado &#8211; o que significa que tem o direito de se opor ao Processamento automatizado, incluindo a cria\u00e7\u00e3o de perfil; e n\u00e3o estar sujeito a uma decis\u00e3o baseada apenas no Processamento automatizado. Este direito pode ser exercido sempre que houver um resultado da cria\u00e7\u00e3o de perfil que produza efeitos legais relativos ou afetando significativamente a sua pessoa.<\/li>\n<li>Direito \u00e0 portabilidade de dados &#8211; tem o direito de obter os seus Dados Pessoais num formato leg\u00edvel por m\u00e1quina ou, se for vi\u00e1vel, como uma transfer\u00eancia direta de um Processador para outro.<\/li>\n<li>Direito de apresentar uma queixa &#8211; no caso de recusarmos o seu pedido ao abrigo dos Direitos de Acesso, forneceremos um motivo pelo qual. Se n\u00e3o estiver satisfeito com a forma como seu pedido foi tratado, entre em contacto connosco.<\/li>\n<li>Direito \u00e0 ajuda da <a href=\"#gdpr-contact\">autoridade de supervis\u00e3o<\/a> &#8211; o que significa que tem o direito de receber a ajuda de uma autoridade supervisora e o direito de outros recursos legais, como a reivindica\u00e7\u00e3o de danos.<\/li>\n<li>Direito de retirar o consentimento &#8211; tem o direito de retirar qualquer consentimento para o processamento de seus dados pessoais.<\/li>\n<\/ol>\n<h3 id=\"gdpr-information\">Dados que reunimos<\/h3>\n<p><strong>Informa\u00e7\u00f5es que nos forneceu<\/strong><br \/>\nEsta pode ser o seu endere\u00e7o de e-mail, nome, morada, telefone, etc &#8211; principalmente informa\u00e7\u00f5es necess\u00e1rias para entregar um produto\/servi\u00e7o, participa\u00e7\u00e3o num evento ou para melhorar a experi\u00eancia do visitante connosco. Salvamos as informa\u00e7\u00f5es que nos fornece para que possa comentar ou realizar outras atividades no site. Esta informa\u00e7\u00e3o inclui, por exemplo, o seu nome e endere\u00e7o de e-mail.<\/p>\n<p><strong>Informa\u00e7\u00f5es recolhidas automaticamente sobre si<\/strong><br \/>\nIsso inclui informa\u00e7\u00f5es que s\u00e3o armazenadas automaticamente por cookies e outras ferramentas de sess\u00e3o. Por exemplo, seu endere\u00e7o IP, seu hist\u00f3rico de compras (se houver algum), etc. Essas informa\u00e7\u00f5es s\u00e3o usadas para melhorar a experi\u00eancia do cliente. Quando utiliza os nossos servi\u00e7os ou visita o conte\u00fado do nosso site, as suas atividades podem ser registadas.<\/p>\n<p><strong>Informa\u00e7\u00e3o dos nossos parceiros<\/strong><br \/>\nRecolhemos informa\u00e7\u00f5es dos nossos parceiros confi\u00e1veis com a confirma\u00e7\u00e3o de que eles t\u00eam motivos legais para partilhar essas informa\u00e7\u00f5es connosco. Esta \u00e9 uma informa\u00e7\u00e3o que forneceu diretamente a eles ou que eles recolheram sobre si por outros motivos legais. Veja a lista dos nossos parceiros <a href=\"#gdpr-sharing\">aqui<\/a>.<\/p>\n<p><strong>Informa\u00e7\u00e3o publicamente dispon\u00edvel<\/strong><br \/>\nPodemos recolher informa\u00e7\u00f5es sobre si que est\u00e3o dispon\u00edveis publicamente.<\/p>\n<h3 id=\"gdpr-processing\">Como utilizamos os seus dados pessoais<\/h3>\n<p>Utilizamos os seus dados pessoais para:<\/p>\n<ul>\n<li>lhe fornecer o nosso servi\u00e7o. Isso inclui, por exemplo, registar a sua conta\/pedido; fornecer outros produtos e servi\u00e7os que solicitou; fornecer a itens promocionais a seu pedido e comunicar consigo em rela\u00e7\u00e3o a esses produtos, servi\u00e7os e eventos; comunicar e interagir consigo; e notific\u00e1-lo de altera\u00e7\u00f5es em quaisquer servi\u00e7os.<\/li>\n<li>melhorar a experi\u00eancia de cliente;<\/li>\n<li>cumprir uma obriga\u00e7\u00e3o legal ou contratual;<\/li>\n<\/ul>\n<p>Utilizamos os seus dados pessoais por motivos leg\u00edtimos e\/ou com o seu consentimento.<\/p>\n<p>Em raz\u00e3o de celebrar um contrato ou cumprir obriga\u00e7\u00f5es contratuais, n\u00f3s processamos seus dados pessoais para os seguintes prop\u00f3sitos:<\/p>\n<ul>\n<li>para identific\u00e1-lo;<\/li>\n<li>para fornecer-lhe um servi\u00e7o ou enviar\/oferecer-lhe um produto;<\/li>\n<li>para comunicar em caso de vendas ou fatura\u00e7\u00e3o;<\/li>\n<\/ul>\n<p>Com base em interesse leg\u00edtimo, processamos seus dados pessoais para os seguintes prop\u00f3sitos:<\/p>\n<ul>\n<li>para lhe enviar ofertas ou comunica\u00e7\u00f5es personalizadas (de n\u00f3s e\/ou nossos parceiros cuidadosamente selecionados);<\/li>\n<li>administrar e analisar nossa base de clientes (comportamento de compra e hist\u00f3rico), a fim de melhorar a qualidade, variedade e disponibilidade de produtos \/ servi\u00e7os oferecidos \/ fornecidos;<\/li>\n<li>conduzir question\u00e1rios de satisfa\u00e7\u00e3o;<\/li>\n<li>para outros fins que tenhamos solicitado o seu consentimento para;<\/li>\n<\/ul>\n<p>Com o seu consentimento, processamos seus dados pessoais para as seguintes finalidades:<\/p>\n<ul>\n<li>enviar boletins informativos e ofertas de campanha (de n\u00f3s e\/ou de nossos parceiros cuidadosamente selecionados);<\/li>\n<li>para outros fins que tenhamos solicitado o seu consentimento para;<\/li>\n<\/ul>\n<p>Processamos seus dados pessoais para cumprir obriga\u00e7\u00f5es decorrentes da lei e\/ou usar seus dados pessoais para ac\u00e7\u00f5es previstas por lei. Reservamo-nos o direito de anonimizar os Dados Pessoais recolhidos e usar esses dados. Usaremos dados fora do \u00e2mbito desta Pol\u00edtica somente quando forem anonimizados. Armazenaremos as suas informa\u00e7\u00f5es de fatura\u00e7\u00e3o e outras informa\u00e7\u00f5es recolhidas sobre si pelo tempo que for necess\u00e1rio para fins contabil\u00edsticos ou outras obriga\u00e7\u00f5es decorrentes da lei, mas n\u00e3o mais do que durante 10 anos.<\/p>\n<p>Podemos processar seus Dados Pessoais para prop\u00f3sitos adicionais que n\u00e3o s\u00e3o mencionados aqui, mas s\u00e3o compat\u00edveis com a finalidade original para a qual os dados foram recolhidos. Para fazer isso, garantimos que:<\/p>\n<ul>\n<li>a liga\u00e7\u00e3o entre prop\u00f3sitos, contexto e natureza dos Dados Pessoais \u00e9 adequada para Processamento adicional;<\/li>\n<li>o Processamento adicional n\u00e3o prejudicar\u00e1 os seus interesses e<\/li>\n<li>haver\u00e1 salvaguarda apropriada pelo Processador.<\/li>\n<\/ul>\n<p>N\u00f3s iremos inform\u00e1-lo de qualquer outro processamento e finalidades.<\/p>\n<h3 id=\"gdpr-sharing\">Quem mais pode aceder aos seus dados pessoais<\/h3>\n<p>N\u00f3s n\u00e3o compartilhamos os seus dados pessoais com estranhos. Os Dados Pessoais sobre si s\u00e3o, em alguns casos, fornecidos aos nossos parceiros confi\u00e1veis, para disponibilizar o servi\u00e7o\/acesso a si ou para melhorar a experi\u00eancia do cliente. N\u00f3s partilharemos seus dados com:<\/p>\n<p><strong>Parceiros terceiros ligados:<\/strong><\/p>\n<ul>\n<li>Google, LLC<\/li>\n<li>Microsoft Corporation<\/li>\n<li>Yelp Ireland Ltd.<\/li>\n<\/ul>\n<p>Trabalhamos apenas com parceiros de processamento que podem garantir um n\u00edvel adequado de prote\u00e7\u00e3o aos seus dados pessoais. N\u00f3s divulgaremos os seus dados pessoais a terceiros ou funcion\u00e1rios p\u00fablicos apenas quando legalmente obrigados a faz\u00ea-lo. Poderemos divulgar seus Dados Pessoais a terceiros, se tiver consentido ou se houver outros motivos legais para isso.<\/p>\n<h3 id=\"gdpr-security\">Como protegemos os seus dados<\/h3>\n<p>Fazemos o melhor poss\u00edvel para manter seus dados pessoais seguros. Usamos protocolos seguros para comunica\u00e7\u00e3o e transfer\u00eancia de dados (como HTTPS). Usamos anonimiza\u00e7\u00e3o e pseudonomiza\u00e7\u00e3o quando adequado. N\u00f3s mantemos os nossos sistemas atualizados contra poss\u00edveis vulnerabilidades e ataques.<\/p>\n<p>Apesar de tentarmos o nosso melhor, n\u00e3o podemos garantir a seguran\u00e7a das informa\u00e7\u00f5es. No entanto, prometemos notificar as autoridades competentes sobre viola\u00e7\u00f5es de dados. Tamb\u00e9m o notificaremos se houver uma amea\u00e7a aos seus direitos ou interesses. Faremos tudo o que for razoavelmente poss\u00edvel para evitar viola\u00e7\u00f5es de seguran\u00e7a e para ajudar as autoridades caso ocorram viola\u00e7\u00f5es.<\/p>\n<p>Se tiver uma conta connosco, observe que precisa manter o seu nome de utilizador e senha em segredo e seguros.<\/p>\n<h3>Crian\u00e7as<\/h3>\n<p>N\u00e3o pretendemos recolher ou recolher intencionalmente informa\u00e7\u00f5es de crian\u00e7as. N\u00e3o temos como alvo crian\u00e7as nos nossos servi\u00e7os.<\/p>\n<h3 id=\"gdpr-cookies\">Cookies e outras tecnologias que utilizamos<\/h3>\n<p>Utilizamos cookies e\/ou tecnologias similares para analisar o comportamento do cliente, administrar o site, rastrear os movimentos dos utilizadores e recolher informa\u00e7\u00f5es sobre os visitantes. Isso \u00e9 feito para personalizar e aprimorar a sua experi\u00eancia connosco.<\/p>\n<p>Um cookie \u00e9 um pequeno arquivo de texto armazenado no seu computador\/dispositivo. Os cookies armazenam informa\u00e7\u00f5es que s\u00e3o usadas para ajudar a fazer com que os sites funcionem. S\u00f3 podemos aceder aos cookies criados pelo nosso site. Pode controlar seus cookies no n\u00edvel do navegador. A escolha de desativar os cookies pode impedir o uso de determinadas fun\u00e7\u00f5es.<\/p>\n<p><strong>N\u00f3s podemos utilizar cookies para os seguintes fins:<\/strong><\/p>\n<ul>\n<li>Cookies necess\u00e1rios &#8211; esses cookies s\u00e3o necess\u00e1rios para que possa usar alguns recursos importantes no nosso site, como o login. Esses cookies n\u00e3o armazenam nenhuma informa\u00e7\u00e3o pessoal.<\/li>\n<li>Cookies de funcionalidade &#8211; esses cookies fornecem funcionalidades que tornam o uso do nosso servi\u00e7o mais conveniente e possibilita o fornecimento de recursos mais personalizados. Por exemplo, eles podem lembrar seu nome e e-mail em formul\u00e1rios de coment\u00e1rios para que n\u00e3o tenha que inserir novamente essas informa\u00e7\u00f5es na pr\u00f3xima vez que comentar.<\/li>\n<li>Cookies anal\u00edticos &#8211; esses cookies s\u00e3o usados para rastrear o uso e o desempenho do nosso site e servi\u00e7os<\/li>\n<li>Cookies de publicidade &#8211; esses cookies s\u00e3o usados para fornecer an\u00fancios relevantes para si e para os seus interesses. Al\u00e9m disso, eles s\u00e3o usados para limitar o n\u00famero de vezes que v\u00ea um an\u00fancio. Eles geralmente s\u00e3o colocados no website por meio de redes de publicidade com a permiss\u00e3o do operador do site. Esses cookies lembram que visitou um site e essas informa\u00e7\u00f5es s\u00e3o partilhadas com outras organiza\u00e7\u00f5es, como anunciantes. Muitas vezes, os cookies de segmenta\u00e7\u00e3o ou de publicidade ser\u00e3o vinculados \u00e0 funcionalidade do site fornecida por outra organiza\u00e7\u00e3o.<\/li>\n<\/ul>\n<p>Pode remover os cookies armazenados no seu computador atrav\u00e9s das configura\u00e7\u00f5es do seu navegador. Como alternativa, pode controlar alguns cookies de terceiros usando uma plataforma de aprimoramento de privacidade, como <a href=\"http:\/\/optout.aboutads.info\/#!\/\" target=\"_blank\" rel=\"noopener\">optout.aboutads.info<\/a> ou <a href=\"http:\/\/www.youronlinechoices.com\/\" target=\"_blank\" rel=\"noopener\">youronlinechoices.com<\/a>. Para mais informa\u00e7\u00f5es sobre cookies, visite <a href=\"http:\/\/www.allaboutcookies.org\" target=\"_blank\" rel=\"noopener\">allaboutcookies.org<\/a>.<\/p>\n<p>Usamos o Google Analytics para medir o tr\u00e1fego no nosso site. O Google tem a sua pr\u00f3pria pol\u00edtica de privacidade que pode analisar <a href=\"https:\/\/support.google.com\/analytics\/answer\/6004245\" target=\"_blank\" rel=\"noopener\">aqui<\/a>. Se quiser desativar o rastreamento pelo Google Analytics, visite a p\u00e1gina <a href=\"https:\/\/tools.google.com\/dlpage\/gaoptout\" target=\"_blank\" rel=\"noopener\">Google Analytics opt-out <\/a>.<\/p>\n<h3 id=\"gdpr-contact\">Informa\u00e7\u00f5es de contacto<\/h3>\n<p><strong>Preocupa\u00e7\u00f5es com Pol\u00edtica de Privacidade<\/strong><br \/>\nEscreva um e-mail para booking[at]madeiraquintadapaz.com com o assunto Preocupa\u00e7\u00f5es com Pol\u00edtica de Privacidade indicando a URL do site e use a mensagem para explicar as suas preocupa\u00e7\u00f5es com o m\u00e1ximo de detalhe poss\u00edvel.<\/p>\n<p><strong id=\"gdpr-dpa\">Entidade Supervisora<\/strong><br \/>\nCNPD<br \/>\ngeral@cnpd.pt<br \/>\n+351 21 392 84 00<\/p>\n<h3 id=\"gdpr-changes\">Resolu\u00e7\u00e3o Alternativa de Lit\u00edgios<\/h3>\n<p>Em caso de lit\u00edgio o consumidor pode recorrer a uma Entidade de Resolu\u00e7\u00e3o Alternativa de Lit\u00edgios de consumo: CACCRAM, 291508349, www.madeira.gov.pt\/cacc. Mais informa\u00e7\u00f5es em Portal do Consumidor www.consumidor.pt.<\/p>\n<h3 id=\"gdpr-changes\">Altera\u00e7\u00f5es a esta pol\u00edtica de privacidade<\/h3>\n<p>Reservamos o direito de fazer altera\u00e7\u00f5es nesta Pol\u00edtica de Privacidade.<br \/>\n\u00daltima modifica\u00e7\u00e3o em 22 Junho, 2022.<\/p>\n","protected":false},"excerpt":{"rendered":"<p>O Madeira Quinta da Paz est\u00e1 empenhado em salvaguardar a sua privacidade. Entre em contacto connosco se tiver d\u00favidas ou problemas em rela\u00e7\u00e3o ao uso dos seus dados pessoais e teremos todo o prazer em ajud\u00e1-lo. Ao utilizar este site e\/ou nossos servi\u00e7os, concorda com o processamento dos seus dados pessoais, conforme descrito nesta Pol\u00edtica &hellip; <a href=\"https:\/\/madeiraquintadapaz.com\/pt-pt\/politica-de-privacidade\/\">Continued<\/a><\/p>\n","protected":false},"author":1,"featured_media":0,"parent":0,"menu_order":0,"comment_status":"closed","ping_status":"closed","template":"","meta":{"footnotes":""},"class_list":["post-227","page","type-page","status-publish","hentry"],"_links":{"self":[{"href":"https:\/\/madeiraquintadapaz.com\/pt-pt\/wp-json\/wp\/v2\/pages\/227","targetHints":{"allow":["GET"]}}],"collection":[{"href":"https:\/\/madeiraquintadapaz.com\/pt-pt\/wp-json\/wp\/v2\/pages"}],"about":[{"href":"https:\/\/madeiraquintadapaz.com\/pt-pt\/wp-json\/wp\/v2\/types\/page"}],"author":[{"embeddable":true,"href":"https:\/\/madeiraquintadapaz.com\/pt-pt\/wp-json\/wp\/v2\/users\/1"}],"replies":[{"embeddable":true,"href":"https:\/\/madeiraquintadapaz.com\/pt-pt\/wp-json\/wp\/v2\/comments?post=227"}],"version-history":[{"count":5,"href":"https:\/\/madeiraquintadapaz.com\/pt-pt\/wp-json\/wp\/v2\/pages\/227\/revisions"}],"predecessor-version":[{"id":1293,"href":"https:\/\/madeiraquintadapaz.com\/pt-pt\/wp-json\/wp\/v2\/pages\/227\/revisions\/1293"}],"wp:attachment":[{"href":"https:\/\/madeiraquintadapaz.com\/pt-pt\/wp-json\/wp\/v2\/media?parent=227"}],"curies":[{"name":"wp","href":"https:\/\/api.w.org\/{rel}","templated":true}]}}