{"id":248,"date":"2016-07-12T16:09:05","date_gmt":"2016-07-12T16:09:05","guid":{"rendered":"https:\/\/madeiraquintadapaz.com\/\/pt-pt\/about\/"},"modified":"2017-02-24T15:17:38","modified_gmt":"2017-02-24T15:17:38","slug":"sobre-quinta-da-paz","status":"publish","type":"page","link":"https:\/\/madeiraquintadapaz.com\/pt-pt\/sobre-quinta-da-paz\/","title":{"rendered":"Sobre"},"content":{"rendered":"<h2>Hist\u00f3ria<\/h2>\n<p>A Quinta da Paz foi recentemente recuperada pela fam\u00edlia, conservando todo o seu tra\u00e7o original.<\/p>\n<p>A Quinta da Paz Madeira \u00e9 um espa\u00e7o amplo rodeado de magn\u00edficos jardins, decorada com cantaria, azulejos, basalto, madeiras trabalhadas, m\u00e1rmores e vitrais que evocam algumas tradi\u00e7\u00f5es da nossa ilha, bem como tradi\u00e7\u00f5es nacionais intrinsecamente ligadas \u00e0 nossa cultura local.<\/p>\n<p>Localizada em pleno Cani\u00e7o e pr\u00f3ximo da cidade do Funchal, a Quinta beneficia de um clima ameno que muito contribui para os luxuriantes jardins e as variadas flores que durante todo o ano decoram os seus recantos.<\/p>\n<p>&nbsp;<\/p>\n<h2>Prepare a sua viagem<\/h2>\n<p>Desde o Aeroporto da Madeira at\u00e9 \u00e0 Quinta da Paz Madeira, recomendamos utilizar o T\u00e1xi ou o nosso servi\u00e7o de transferes, se reservou um autom\u00f3vel \u00e9 f\u00e1cil de chegar at\u00e9 n\u00f3s. Tome nota da nossa localiza\u00e7\u00e3o para colocar no GPS:\u00a032\u00b038&#8217;58.5&#8243;N 16\u00b050&#8217;12.8&#8243;W<\/p>\n<p>Contacte-nos se necessitar de apoio para alugar um autom\u00f3vel.<\/p>\n<p>Encontre mais sugest\u00f5es no site do Aeroporto da Madeira\u00a0<a href=\"https:\/\/www.aeroportomadeira.pt\" target=\"_blank\">www.aeroportomadeira.pt<\/a><\/p>\n<p>&nbsp;<\/p>\n<h2>Reserve o nosso servi\u00e7o de transporte<\/h2>\n<p>Contacte-nos para solicitar um servi\u00e7o de transfer para a Quinta da Paz.<\/p>\n<p>&nbsp;<\/p>\n<h2>Nas proximidades<\/h2>\n<p>A Quinta da Paz encontra-se muito pr\u00f3ximo dos principais servi\u00e7os, apenas a 2min de carro encontra restaurantes, supermercados, farm\u00e1cia, servi\u00e7os de sa\u00fade, o Cani\u00e7o shopping, bancos, etc.<\/p>\n<p>&nbsp;<\/p>\n<h2>Arredores<\/h2>\n<div id=\"metaslider-id-514\" style=\"width: 100%;\" class=\"ml-slider-3-108-0 metaslider metaslider-flex metaslider-514 ml-slider ml-slider-lightbox-2-22-0 firelight-lightbox-2-3-19 ms-theme-default nav-hidden\" role=\"region\" aria-label=\"About\" data-height=\"912\" data-width=\"1520\">\n    <div id=\"metaslider_container_514\">\n        <div id=\"metaslider_514\">\n            <ul class='slides'>\n                <li style=\"display: block; width: 100%;\" class=\"slide-1813 ms-image \" aria-roledescription=\"slide\" data-date=\"2022-06-23 10:21:49\" data-filename=\"SOU_2277-1520x912.jpg\" data-slide-type=\"image\"><img loading=\"lazy\" decoding=\"async\" src=\"https:\/\/madeiraquintadapaz.com\/wp-content\/uploads\/2022\/06\/SOU_2277-1520x912.jpg\" height=\"912\" width=\"1520\" alt=\"Quinta da Paz Madeira Hotel\" class=\"slider-514 slide-1813 msDefaultImage ml-lightbox-enabled\" title=\"SOU_2277\" \/><\/li>\n                <li style=\"display: none; width: 100%;\" class=\"slide-1817 ms-image \" aria-roledescription=\"slide\" data-date=\"2022-06-23 10:22:42\" data-filename=\"SOU_2298-1520x912.jpg\" data-slide-type=\"image\"><img loading=\"lazy\" decoding=\"async\" src=\"https:\/\/madeiraquintadapaz.com\/wp-content\/uploads\/2022\/06\/SOU_2298-1520x912.jpg\" height=\"912\" width=\"1520\" alt=\"Quinta da Paz Madeira Hotel\" class=\"slider-514 slide-1817 msDefaultImage ml-lightbox-enabled\" title=\"SOU_2298\" \/><\/li>\n                <li style=\"display: none; width: 100%;\" class=\"slide-1812 ms-image \" aria-roledescription=\"slide\" data-date=\"2022-06-23 10:21:28\" data-filename=\"SOU_2211-1520x912.jpg\" data-slide-type=\"image\"><img loading=\"lazy\" decoding=\"async\" src=\"https:\/\/madeiraquintadapaz.com\/wp-content\/uploads\/2022\/06\/SOU_2211-1520x912.jpg\" height=\"912\" width=\"1520\" alt=\"Quinta da Paz Madeira Hotel\" class=\"slider-514 slide-1812 msDefaultImage ml-lightbox-enabled\" title=\"SOU_2211\" \/><\/li>\n                <li style=\"display: none; width: 100%;\" class=\"slide-214 ms-image \" aria-roledescription=\"slide\" data-date=\"2016-10-21 11:05:01\" data-filename=\"229-1345x806.jpg\" data-slide-type=\"image\"><img loading=\"lazy\" decoding=\"async\" src=\"https:\/\/madeiraquintadapaz.com\/wp-content\/uploads\/2016\/10\/229-1345x806.jpg\" height=\"912\" width=\"1520\" alt=\"Madeira Quinta da Paz\" class=\"slider-514 slide-214 msDefaultImage ml-lightbox-enabled\" \/><\/li>\n                <li style=\"display: none; width: 100%;\" class=\"slide-219 ms-image \" aria-roledescription=\"slide\" data-date=\"2016-10-21 11:05:21\" data-filename=\"247-1345x806.jpg\" data-slide-type=\"image\"><img loading=\"lazy\" decoding=\"async\" src=\"https:\/\/madeiraquintadapaz.com\/wp-content\/uploads\/2016\/10\/247-1345x806.jpg\" height=\"912\" width=\"1520\" alt=\"Poll Quinta da Paz\" class=\"slider-514 slide-219 msDefaultImage ml-lightbox-enabled\" \/><\/li>\n                <li style=\"display: none; width: 100%;\" class=\"slide-222 ms-image \" aria-roledescription=\"slide\" data-date=\"2016-10-21 11:05:33\" data-filename=\"276-1431x858.jpg\" data-slide-type=\"image\"><img loading=\"lazy\" decoding=\"async\" src=\"https:\/\/madeiraquintadapaz.com\/wp-content\/uploads\/2016\/10\/276-1431x858.jpg\" height=\"912\" width=\"1520\" alt=\"Madeira Quinta\" class=\"slider-514 slide-222 msDefaultImage ml-lightbox-enabled\" \/><\/li>\n                <li style=\"display: none; width: 100%;\" class=\"slide-213 ms-image \" aria-roledescription=\"slide\" data-date=\"2016-10-21 11:04:57\" data-filename=\"225-1345x806.jpg\" data-slide-type=\"image\"><img loading=\"lazy\" decoding=\"async\" src=\"https:\/\/madeiraquintadapaz.com\/wp-content\/uploads\/2016\/10\/225-1345x806.jpg\" height=\"912\" width=\"1520\" alt=\"Madeira Quinta\" class=\"slider-514 slide-213 msDefaultImage ml-lightbox-enabled\" \/><\/li>\n                <li style=\"display: none; width: 100%;\" class=\"slide-212 ms-image \" aria-roledescription=\"slide\" data-date=\"2016-10-21 11:04:51\" data-filename=\"221-1345x806.jpg\" data-slide-type=\"image\"><img loading=\"lazy\" decoding=\"async\" src=\"https:\/\/madeiraquintadapaz.com\/wp-content\/uploads\/2016\/10\/221-1345x806.jpg\" height=\"912\" width=\"1520\" alt=\"Madeira Quinta\" class=\"slider-514 slide-212 msDefaultImage ml-lightbox-enabled\" \/><\/li>\n                <li style=\"display: none; width: 100%;\" class=\"slide-224 ms-image \" aria-roledescription=\"slide\" data-date=\"2016-10-21 11:05:39\" data-filename=\"IMG_2833-1520x912.jpg\" data-slide-type=\"image\"><img loading=\"lazy\" decoding=\"async\" src=\"https:\/\/madeiraquintadapaz.com\/wp-content\/uploads\/2016\/10\/IMG_2833-1520x912.jpg\" height=\"912\" width=\"1520\" alt=\"Luxury House Madeira\" class=\"slider-514 slide-224 msDefaultImage ml-lightbox-enabled\" \/><\/li>\n                <li style=\"display: none; width: 100%;\" class=\"slide-216 ms-image \" aria-roledescription=\"slide\" data-date=\"2016-10-21 11:05:08\" data-filename=\"234-1345x806.jpg\" data-slide-type=\"image\"><img loading=\"lazy\" decoding=\"async\" src=\"https:\/\/madeiraquintadapaz.com\/wp-content\/uploads\/2016\/10\/234-1345x806.jpg\" height=\"912\" width=\"1520\" alt=\"Madeira Quintas\" class=\"slider-514 slide-216 msDefaultImage ml-lightbox-enabled\" \/><\/li>\n                <li style=\"display: none; width: 100%;\" class=\"slide-223 ms-image \" aria-roledescription=\"slide\" data-date=\"2016-10-21 11:05:36\" data-filename=\"IMG_2830-1520x912.jpg\" data-slide-type=\"image\"><img loading=\"lazy\" decoding=\"async\" src=\"https:\/\/madeiraquintadapaz.com\/wp-content\/uploads\/2016\/10\/IMG_2830-1520x912.jpg\" height=\"912\" width=\"1520\" alt=\"Madeira Quinta da Paz\" class=\"slider-514 slide-223 msDefaultImage ml-lightbox-enabled\" \/><\/li>\n                <li style=\"display: none; width: 100%;\" class=\"slide-1814 ms-image \" aria-roledescription=\"slide\" data-date=\"2022-06-23 10:22:09\" data-filename=\"SOU_2278-1520x912.jpg\" data-slide-type=\"image\"><img loading=\"lazy\" decoding=\"async\" src=\"https:\/\/madeiraquintadapaz.com\/wp-content\/uploads\/2022\/06\/SOU_2278-1520x912.jpg\" height=\"912\" width=\"1520\" alt=\"Quinta da Paz Madeira Hotel\" class=\"slider-514 slide-1814 msDefaultImage ml-lightbox-enabled\" title=\"SOU_2278\" \/><\/li>\n                <li style=\"display: none; width: 100%;\" class=\"slide-1815 ms-image \" aria-roledescription=\"slide\" data-date=\"2022-06-23 10:22:20\" data-filename=\"SOU_2282-1520x912.jpg\" data-slide-type=\"image\"><img loading=\"lazy\" decoding=\"async\" src=\"https:\/\/madeiraquintadapaz.com\/wp-content\/uploads\/2022\/06\/SOU_2282-1520x912.jpg\" height=\"912\" width=\"1520\" alt=\"Quinta da Paz Madeira Hotel\" class=\"slider-514 slide-1815 msDefaultImage ml-lightbox-enabled\" title=\"SOU_2282\" \/><\/li>\n                <li style=\"display: none; width: 100%;\" class=\"slide-1816 ms-image \" aria-roledescription=\"slide\" data-date=\"2022-06-23 10:22:30\" data-filename=\"SOU_2293-1520x912.jpg\" data-slide-type=\"image\"><img loading=\"lazy\" decoding=\"async\" src=\"https:\/\/madeiraquintadapaz.com\/wp-content\/uploads\/2022\/06\/SOU_2293-1520x912.jpg\" height=\"912\" width=\"1520\" alt=\"Quinta da Paz Madeira Hotel\" class=\"slider-514 slide-1816 msDefaultImage ml-lightbox-enabled\" title=\"SOU_2293\" \/><\/li>\n                <li style=\"display: none; width: 100%;\" class=\"slide-1818 ms-image \" aria-roledescription=\"slide\" data-date=\"2022-06-23 10:23:08\" data-filename=\"SOU_2309-1520x912.jpg\" data-slide-type=\"image\"><img loading=\"lazy\" decoding=\"async\" src=\"https:\/\/madeiraquintadapaz.com\/wp-content\/uploads\/2022\/06\/SOU_2309-1520x912.jpg\" height=\"912\" width=\"1520\" alt=\"Quinta da Paz Madeira Hotel\" class=\"slider-514 slide-1818 msDefaultImage ml-lightbox-enabled\" title=\"SOU_2309\" \/><\/li>\n                <li style=\"display: none; width: 100%;\" class=\"slide-1819 ms-image \" aria-roledescription=\"slide\" data-date=\"2022-06-23 10:23:34\" data-filename=\"SOU_2310-1520x912.jpg\" data-slide-type=\"image\"><img loading=\"lazy\" decoding=\"async\" src=\"https:\/\/madeiraquintadapaz.com\/wp-content\/uploads\/2022\/06\/SOU_2310-1520x912.jpg\" height=\"912\" width=\"1520\" alt=\"Quinta da Paz Madeira Hotel\" class=\"slider-514 slide-1819 msDefaultImage ml-lightbox-enabled\" title=\"SOU_2310\" \/><\/li>\n                <li style=\"display: none; width: 100%;\" class=\"slide-1820 ms-image \" aria-roledescription=\"slide\" data-date=\"2022-06-23 10:23:46\" data-filename=\"SOU_2325-1520x912.jpg\" data-slide-type=\"image\"><img loading=\"lazy\" decoding=\"async\" src=\"https:\/\/madeiraquintadapaz.com\/wp-content\/uploads\/2022\/06\/SOU_2325-1520x912.jpg\" height=\"912\" width=\"1520\" alt=\"Quinta da Paz Madeira Hotel\" class=\"slider-514 slide-1820 msDefaultImage ml-lightbox-enabled\" title=\"SOU_2325\" \/><\/li>\n                <li style=\"display: none; width: 100%;\" class=\"slide-1821 ms-image \" aria-roledescription=\"slide\" data-date=\"2022-06-23 10:23:58\" data-filename=\"SOU_2338-1520x912.jpg\" data-slide-type=\"image\"><img loading=\"lazy\" decoding=\"async\" src=\"https:\/\/madeiraquintadapaz.com\/wp-content\/uploads\/2022\/06\/SOU_2338-1520x912.jpg\" height=\"912\" width=\"1520\" alt=\"Quinta da Paz Madeira Hotel\" class=\"slider-514 slide-1821 msDefaultImage ml-lightbox-enabled\" title=\"SOU_2338\" \/><\/li>\n                <li style=\"display: none; width: 100%;\" class=\"slide-1822 ms-image \" aria-roledescription=\"slide\" data-date=\"2022-06-23 10:24:12\" data-filename=\"SOU_2339-1520x912.jpg\" data-slide-type=\"image\"><img loading=\"lazy\" decoding=\"async\" src=\"https:\/\/madeiraquintadapaz.com\/wp-content\/uploads\/2022\/06\/SOU_2339-1520x912.jpg\" height=\"912\" width=\"1520\" alt=\"Quinta da Paz Madeira Hotel\" class=\"slider-514 slide-1822 msDefaultImage ml-lightbox-enabled\" title=\"SOU_2339\" \/><\/li>\n                <li style=\"display: none; width: 100%;\" class=\"slide-1823 ms-image \" aria-roledescription=\"slide\" data-date=\"2022-06-23 10:24:23\" data-filename=\"SOU_2342-1520x912.jpg\" data-slide-type=\"image\"><img loading=\"lazy\" decoding=\"async\" src=\"https:\/\/madeiraquintadapaz.com\/wp-content\/uploads\/2022\/06\/SOU_2342-1520x912.jpg\" height=\"912\" width=\"1520\" alt=\"Quinta da Paz Madeira Hotel\" class=\"slider-514 slide-1823 msDefaultImage ml-lightbox-enabled\" title=\"SOU_2342\" \/><\/li>\n                <li style=\"display: none; width: 100%;\" class=\"slide-1824 ms-image \" aria-roledescription=\"slide\" data-date=\"2022-06-23 10:24:38\" data-filename=\"SOU_2348-1520x912.jpg\" data-slide-type=\"image\"><img loading=\"lazy\" decoding=\"async\" src=\"https:\/\/madeiraquintadapaz.com\/wp-content\/uploads\/2022\/06\/SOU_2348-1520x912.jpg\" height=\"912\" width=\"1520\" alt=\"Quinta da Paz Madeira Hotel\" class=\"slider-514 slide-1824 msDefaultImage ml-lightbox-enabled\" title=\"SOU_2348\" \/><\/li>\n                <li style=\"display: none; width: 100%;\" class=\"slide-1825 ms-image \" aria-roledescription=\"slide\" data-date=\"2022-06-23 10:24:49\" data-filename=\"SOU_2349-1520x912.jpg\" data-slide-type=\"image\"><img loading=\"lazy\" decoding=\"async\" src=\"https:\/\/madeiraquintadapaz.com\/wp-content\/uploads\/2022\/06\/SOU_2349-1520x912.jpg\" height=\"912\" width=\"1520\" alt=\"Quinta da Paz Madeira Hotel\" class=\"slider-514 slide-1825 msDefaultImage ml-lightbox-enabled\" title=\"SOU_2349\" \/><\/li>\n            <\/ul>\n        <\/div>\n        \n    <\/div>\n<\/div>\n","protected":false},"excerpt":{"rendered":"<p>Hist\u00f3ria A Quinta da Paz foi recentemente recuperada pela fam\u00edlia, conservando todo o seu tra\u00e7o original. A Quinta da Paz Madeira \u00e9 um espa\u00e7o amplo rodeado de magn\u00edficos jardins, decorada com cantaria, azulejos, basalto, madeiras trabalhadas, m\u00e1rmores e vitrais que evocam algumas tradi\u00e7\u00f5es da nossa ilha, bem como tradi\u00e7\u00f5es nacionais intrinsecamente ligadas \u00e0 nossa cultura &hellip; <a href=\"https:\/\/madeiraquintadapaz.com\/pt-pt\/sobre-quinta-da-paz\/\">Continued<\/a><\/p>\n","protected":false},"author":1,"featured_media":206,"parent":0,"menu_order":0,"comment_status":"closed","ping_status":"closed","template":"","meta":{"footnotes":""},"class_list":["post-248","page","type-page","status-publish","has-post-thumbnail","hentry"],"_links":{"self":[{"href":"https:\/\/madeiraquintadapaz.com\/pt-pt\/wp-json\/wp\/v2\/pages\/248","targetHints":{"allow":["GET"]}}],"collection":[{"href":"https:\/\/madeiraquintadapaz.com\/pt-pt\/wp-json\/wp\/v2\/pages"}],"about":[{"href":"https:\/\/madeiraquintadapaz.com\/pt-pt\/wp-json\/wp\/v2\/types\/page"}],"author":[{"embeddable":true,"href":"https:\/\/madeiraquintadapaz.com\/pt-pt\/wp-json\/wp\/v2\/users\/1"}],"replies":[{"embeddable":true,"href":"https:\/\/madeiraquintadapaz.com\/pt-pt\/wp-json\/wp\/v2\/comments?post=248"}],"version-history":[{"count":10,"href":"https:\/\/madeiraquintadapaz.com\/pt-pt\/wp-json\/wp\/v2\/pages\/248\/revisions"}],"predecessor-version":[{"id":577,"href":"https:\/\/madeiraquintadapaz.com\/pt-pt\/wp-json\/wp\/v2\/pages\/248\/revisions\/577"}],"wp:featuredmedia":[{"embeddable":true,"href":"https:\/\/madeiraquintadapaz.com\/pt-pt\/wp-json\/wp\/v2\/media\/206"}],"wp:attachment":[{"href":"https:\/\/madeiraquintadapaz.com\/pt-pt\/wp-json\/wp\/v2\/media?parent=248"}],"curies":[{"name":"wp","href":"https:\/\/api.w.org\/{rel}","templated":true}]}}